{"id":15,"date":"2023-06-06T12:02:06","date_gmt":"2023-06-06T10:02:06","guid":{"rendered":"https:\/\/kadence.web03.webtohosting.dk\/?page_id=15"},"modified":"2023-09-27T10:59:48","modified_gmt":"2023-09-27T08:59:48","slug":"om-os","status":"publish","type":"page","link":"https:\/\/elitepole.dk\/en\/om-os\/","title":{"rendered":"About us"},"content":{"rendered":"<div id=\"modal-ready\"><style>.kb-row-layout-id15_afc6b3-96 > .kt-row-column-wrap{align-content:start;}:where(.kb-row-layout-id15_afc6b3-96 > .kt-row-column-wrap) > .wp-block-kadence-column{justify-content:start;}.kb-row-layout-id15_afc6b3-96 > .kt-row-column-wrap{column-gap:80px;row-gap:var(--global-kb-gap-lg, 4rem);max-width:var( --global-content-width, 1300px );padding-left:var(--global-content-edge-padding);padding-right:var(--global-content-edge-padding);padding-top:0px;padding-bottom:0px;grid-template-columns:minmax(0, calc(50% - ((80px * 1 )\/2)))minmax(0, calc(50% - ((80px * 1 )\/2)));}.kb-row-layout-id15_afc6b3-96 > .kt-row-layout-overlay{opacity:0.30;}@media all and (max-width: 1024px){.kb-row-layout-id15_afc6b3-96 > .kt-row-column-wrap{column-gap:64px;padding-top:0px;padding-bottom:0px;grid-template-columns:repeat(2, minmax(0, 1fr));}}@media all and (max-width: 767px){.kb-row-layout-id15_afc6b3-96 > .kt-row-column-wrap{column-gap:64px;padding-top:0px;padding-bottom:0px;grid-template-columns:minmax(0, 1fr);}}<\/style><div class=\"kb-row-layout-wrap kb-row-layout-id15_afc6b3-96 alignnone wp-block-kadence-rowlayout\"><div class=\"kt-row-column-wrap kt-has-2-columns kt-row-layout-equal kt-tab-layout-inherit kt-mobile-layout-row kt-row-valign-top kb-theme-content-width\">\n<style>.kadence-column15_fd0d86-7a > .kt-inside-inner-col,.kadence-column15_fd0d86-7a > .kt-inside-inner-col:before{border-top-left-radius:0px;border-top-right-radius:0px;border-bottom-right-radius:0px;border-bottom-left-radius:0px;}.kadence-column15_fd0d86-7a > .kt-inside-inner-col{column-gap:var(--global-kb-gap-sm, 1rem);}.kadence-column15_fd0d86-7a > .kt-inside-inner-col{flex-direction:column;}.kadence-column15_fd0d86-7a > .kt-inside-inner-col > .aligncenter{width:100%;}.kadence-column15_fd0d86-7a > .kt-inside-inner-col:before{opacity:0.3;}.kadence-column15_fd0d86-7a{position:relative;}@media all and (max-width: 1024px){.kadence-column15_fd0d86-7a > .kt-inside-inner-col{flex-direction:column;justify-content:center;}}@media all and (max-width: 767px){.kadence-column15_fd0d86-7a > .kt-inside-inner-col{flex-direction:column;justify-content:center;}}<\/style>\n<div class=\"wp-block-kadence-column kadence-column15_fd0d86-7a\"><div class=\"kt-inside-inner-col\"><style>.wp-block-kadence-advancedheading.kt-adv-heading15_b39221-01, .wp-block-kadence-advancedheading.kt-adv-heading15_b39221-01[data-kb-block=\"kb-adv-heading15_b39221-01\"]{font-style:normal;}.wp-block-kadence-advancedheading.kt-adv-heading15_b39221-01 mark.kt-highlight, .wp-block-kadence-advancedheading.kt-adv-heading15_b39221-01[data-kb-block=\"kb-adv-heading15_b39221-01\"] mark.kt-highlight{font-style:normal;color:#f76a0c;-webkit-box-decoration-break:clone;box-decoration-break:clone;padding-top:0px;padding-right:0px;padding-bottom:0px;padding-left:0px;}.wp-block-kadence-advancedheading.kt-adv-heading15_b39221-01 img.kb-inline-image, .wp-block-kadence-advancedheading.kt-adv-heading15_b39221-01[data-kb-block=\"kb-adv-heading15_b39221-01\"] img.kb-inline-image{width:150px;vertical-align:baseline;}<\/style>\n<h2 class=\"kt-adv-heading15_b39221-01 wp-block-kadence-advancedheading\" data-kb-block=\"kb-adv-heading15_b39221-01\">K\u00f8benhavns f\u00f8rende poledance studier<\/h2>\n\n\n\n<p>Alle vores poledance studier er beliggende i K\u00f8benhavn, og danner de perfekte rammer for poledance tr\u00e6ning.<\/p>\n\n\n<style>.wp-block-kadence-advancedheading.kt-adv-heading15_3e5ea6-c8, .wp-block-kadence-advancedheading.kt-adv-heading15_3e5ea6-c8[data-kb-block=\"kb-adv-heading15_3e5ea6-c8\"]{font-style:normal;}.wp-block-kadence-advancedheading.kt-adv-heading15_3e5ea6-c8 mark.kt-highlight, .wp-block-kadence-advancedheading.kt-adv-heading15_3e5ea6-c8[data-kb-block=\"kb-adv-heading15_3e5ea6-c8\"] mark.kt-highlight{font-style:normal;color:#f76a0c;-webkit-box-decoration-break:clone;box-decoration-break:clone;padding-top:0px;padding-right:0px;padding-bottom:0px;padding-left:0px;}.wp-block-kadence-advancedheading.kt-adv-heading15_3e5ea6-c8 img.kb-inline-image, .wp-block-kadence-advancedheading.kt-adv-heading15_3e5ea6-c8[data-kb-block=\"kb-adv-heading15_3e5ea6-c8\"] img.kb-inline-image{width:150px;vertical-align:baseline;}<\/style>\n<h2 class=\"kt-adv-heading15_3e5ea6-c8 wp-block-kadence-advancedheading\" data-kb-block=\"kb-adv-heading15_3e5ea6-c8\">Om konceptet<\/h2>\n\n\n\n<p>Vi tilbyder holdundervisning hver dag inden for <a href=\"https:\/\/elitepole.dk\/hold\/poledance-i-koebenhavn\/\" data-type=\"page\" data-id=\"56494\">poledance og polefitness<\/a>, men vi tilbyder ogs\u00e5 undervisning dagligt indenfor <a href=\"https:\/\/elitepole.dk\/hold\/smidighedstraening-i-koebenhavn\/\" data-type=\"page\" data-id=\"56497\">smidighedstr\u00e6ning<\/a>, <a href=\"https:\/\/elitepole.dk\/fa-styrken-tilbage-efter-julen-til-din-pole-fitness-traening\/\" data-type=\"post\" data-id=\"52838\">styrkehold<\/a>, <a href=\"https:\/\/elitepole.dk\/hold\/twerk-i-koebenhavn\/\" data-type=\"page\" data-id=\"56495\">twerk<\/a>, <a href=\"https:\/\/elitepole.dk\/hold\/aerial-hoop-i-koebenhavn\/\" data-type=\"page\" data-id=\"56496\">aerial hoop<\/a> tr\u00e6ning og meget mere. Vores fleksible <a href=\"https:\/\/elitepole.dk\/skema\/\" data-type=\"page\" data-id=\"56506\" target=\"_blank\" rel=\"noreferrer noopener\">holdplaner<\/a> tilbyder over 100 forskellige hold hver uge. Du kan dermed g\u00f8re som mange andre og benytte vores tr\u00e6ning som din prim\u00e6re tr\u00e6ningsform i stedet for eksempelvis fitnesscenteret. I alle ElitePole studier vil du opleve de samme typer af hold, den samme kvalitet i de fysiske rammer samt i undervisningen, det samme koncept samt kun erfarne og uddannede instrukt\u00f8rer. Samtidig er hvert studie ogs\u00e5 unikt, og har forskellige kvaliteter efter smag og behag.<\/p>\n\n\n\n<p>Vores koncept bygger p\u00e5, at alle skal have muligheden til at opleve gl\u00e6den ved poledance og pole fitness tr\u00e6ning, hvor sikkerhed og kompetent undervisning har den h\u00f8jeste prioritet. Derfor kan du hos os tr\u00e6ne fra kun <a href=\"https:\/\/elitepole.dk\/priser-medlemskaber\/\" data-type=\"page\" data-id=\"56485\" target=\"_blank\" rel=\"noreferrer noopener\">299 kr.\/md<\/a>., og vi er stolte af b\u00e5de at kunne tilbyde de mest prisvenlige tr\u00e6ningsmuligheder i K\u00f8benhavn indenfor poledance undervisning.<\/p>\n\n\n\n<p>Gl\u00e6de er et n\u00f8gleord i vores koncept, som desuden bygger p\u00e5, at tr\u00e6ning skal v\u00e6re b\u00e5de sjovt og effektivt p\u00e5 samme tid, samt at alle skal kunne v\u00e6re med. Diversitet og inklusion en af vores vigtige kernev\u00e6rdier, og hos os er der plads til alle.<\/p>\n\n\n\n<figure class=\"wp-block-image size-large\"><img decoding=\"async\" width=\"1024\" height=\"508\" src=\"https:\/\/elitepole.dk\/wp-content\/uploads\/IMG_2948-2-1024x508.jpg\" alt=\"\" class=\"wp-image-58902\" srcset=\"https:\/\/elitepole.dk\/wp-content\/uploads\/IMG_2948-2-1024x508.jpg 1024w, https:\/\/elitepole.dk\/wp-content\/uploads\/IMG_2948-2-300x149.jpg 300w, https:\/\/elitepole.dk\/wp-content\/uploads\/IMG_2948-2-768x381.jpg 768w, https:\/\/elitepole.dk\/wp-content\/uploads\/IMG_2948-2-1536x762.jpg 1536w, https:\/\/elitepole.dk\/wp-content\/uploads\/IMG_2948-2-2048x1016.jpg 2048w, https:\/\/elitepole.dk\/wp-content\/uploads\/IMG_2948-2-18x9.jpg 18w\" sizes=\"(max-width: 1024px) 100vw, 1024px\" \/><\/figure>\n<\/div><\/div>\n\n\n<style>.kadence-column15_80f230-61 > .kt-inside-inner-col,.kadence-column15_80f230-61 > .kt-inside-inner-col:before{border-top-left-radius:0px;border-top-right-radius:0px;border-bottom-right-radius:0px;border-bottom-left-radius:0px;}.kadence-column15_80f230-61 > .kt-inside-inner-col{column-gap:var(--global-kb-gap-sm, 1rem);}.kadence-column15_80f230-61 > .kt-inside-inner-col{flex-direction:column;}.kadence-column15_80f230-61 > .kt-inside-inner-col > .aligncenter{width:100%;}.kadence-column15_80f230-61 > .kt-inside-inner-col:before{opacity:0.3;}.kadence-column15_80f230-61{position:relative;}@media all and (max-width: 1024px){.kadence-column15_80f230-61 > .kt-inside-inner-col{flex-direction:column;justify-content:center;}}@media all and (max-width: 767px){.kadence-column15_80f230-61 > .kt-inside-inner-col{flex-direction:column;justify-content:center;}}<\/style>\n<div class=\"wp-block-kadence-column kadence-column15_80f230-61\"><div class=\"kt-inside-inner-col\"><style>.kadence-column15_9af0f4-6a > .kt-inside-inner-col{padding-top:var(--global-kb-spacing-lg, 3rem);padding-right:var(--global-kb-spacing-lg, 3rem);padding-bottom:var(--global-kb-spacing-lg, 3rem);padding-left:var(--global-kb-spacing-lg, 3rem);}.kadence-column15_9af0f4-6a > .kt-inside-inner-col,.kadence-column15_9af0f4-6a > .kt-inside-inner-col:before{border-top-left-radius:6px;border-top-right-radius:6px;border-bottom-right-radius:6px;border-bottom-left-radius:6px;}.kadence-column15_9af0f4-6a > .kt-inside-inner-col{column-gap:var(--global-kb-gap-sm, 1rem);}.kadence-column15_9af0f4-6a > .kt-inside-inner-col{flex-direction:column;}.kadence-column15_9af0f4-6a > .kt-inside-inner-col > .aligncenter{width:100%;}.kadence-column15_9af0f4-6a > .kt-inside-inner-col{background-color:var(--global-palette7, #EDF2F7);}.kadence-column15_9af0f4-6a > .kt-inside-inner-col:before{opacity:0.3;}.kadence-column15_9af0f4-6a{position:relative;}.kadence-column15_9af0f4-6a, .kt-inside-inner-col > .kadence-column15_9af0f4-6a:not(.specificity){margin-top:-100px;}@media all and (max-width: 1024px){.kadence-column15_9af0f4-6a > .kt-inside-inner-col{flex-direction:column;justify-content:center;}}@media all and (max-width: 767px){.kadence-column15_9af0f4-6a > .kt-inside-inner-col{padding-top:var(--global-kb-spacing-sm, 1.5rem);padding-right:var(--global-kb-spacing-sm, 1.5rem);padding-bottom:var(--global-kb-spacing-sm, 1.5rem);padding-left:var(--global-kb-spacing-sm, 1.5rem);flex-direction:column;justify-content:center;}.kadence-column15_9af0f4-6a, .kt-inside-inner-col > .kadence-column15_9af0f4-6a:not(.specificity){margin-top:0px;}}<\/style>\n<div class=\"wp-block-kadence-column kadence-column15_9af0f4-6a\"><div class=\"kt-inside-inner-col\"><style>.wp-block-kadence-advancedbtn.kb-btns15_69fe4e-2c{gap:var(--global-kb-gap-sm, 1rem);flex-direction:column;align-items:center;justify-content:center;}.kt-btns15_69fe4e-2c .kt-button{font-weight:normal;font-style:normal;}.kt-btns15_69fe4e-2c .kt-btn-wrap-0{margin-right:5px;}.wp-block-kadence-advancedbtn.kt-btns15_69fe4e-2c .kt-btn-wrap-0 .kt-button{color:#555555;border-color:#555555;}.wp-block-kadence-advancedbtn.kt-btns15_69fe4e-2c .kt-btn-wrap-0 .kt-button:hover, .wp-block-kadence-advancedbtn.kt-btns15_69fe4e-2c .kt-btn-wrap-0 .kt-button:focus{color:#ffffff;border-color:#444444;}.wp-block-kadence-advancedbtn.kt-btns15_69fe4e-2c .kt-btn-wrap-0 .kt-button::before{display:none;}.wp-block-kadence-advancedbtn.kt-btns15_69fe4e-2c .kt-btn-wrap-0 .kt-button:hover, .wp-block-kadence-advancedbtn.kt-btns15_69fe4e-2c .kt-btn-wrap-0 .kt-button:focus{background:#444444;}<\/style>\n<div class=\"wp-block-kadence-advancedbtn kb-buttons-wrap kb-btns15_69fe4e-2c\"><style>ul.menu .wp-block-kadence-advancedbtn .kb-btn15_7bff06-fd.kb-button{width:initial;}<\/style><a class=\"kb-button kt-button button kb-btn15_7bff06-fd kt-btn-size-standard kt-btn-width-type-full kb-btn-global-inherit  kt-btn-has-text-true kt-btn-has-svg-false  wp-block-button__link wp-block-kadence-singlebtn\" href=\"https:\/\/elitepole.dk\/book-proevetime\/\"><span class=\"kt-btn-inner-text\">Book pr\u00f8vetime<\/span><\/a>\n\n<style>ul.menu .wp-block-kadence-advancedbtn .kb-btn15_acbbe0-be.kb-button{width:initial;}<\/style><a class=\"kb-button kt-button button kb-btn15_acbbe0-be kt-btn-size-standard kt-btn-width-type-full kb-btn-global-inherit  kt-btn-has-text-true kt-btn-has-svg-false  wp-block-button__link wp-block-kadence-singlebtn\" href=\"\/kontakt-os\/\"><span class=\"kt-btn-inner-text\">Kontakt os her<\/span><\/a><\/div>\n<\/div><\/div>\n\n\n\n<figure class=\"wp-block-embed is-type-video is-provider-vimeo wp-block-embed-vimeo videosidebar\"><div class=\"wp-block-embed__wrapper\">\n<iframe title=\"Alle kan v\u00e6re med\" src=\"https:\/\/player.vimeo.com\/video\/277360632?dnt=1&amp;app_id=122963\" width=\"720\" height=\"405\" frameborder=\"0\" allow=\"autoplay; fullscreen; picture-in-picture\"><\/iframe>\n<\/div><\/figure>\n\n\n<style>.wp-block-kadence-advancedheading.kt-adv-heading15_b1270b-c7, .wp-block-kadence-advancedheading.kt-adv-heading15_b1270b-c7[data-kb-block=\"kb-adv-heading15_b1270b-c7\"]{font-style:normal;}.wp-block-kadence-advancedheading.kt-adv-heading15_b1270b-c7 mark.kt-highlight, .wp-block-kadence-advancedheading.kt-adv-heading15_b1270b-c7[data-kb-block=\"kb-adv-heading15_b1270b-c7\"] mark.kt-highlight{font-style:normal;color:#f76a0c;-webkit-box-decoration-break:clone;box-decoration-break:clone;padding-top:0px;padding-right:0px;padding-bottom:0px;padding-left:0px;}.wp-block-kadence-advancedheading.kt-adv-heading15_b1270b-c7 img.kb-inline-image, .wp-block-kadence-advancedheading.kt-adv-heading15_b1270b-c7[data-kb-block=\"kb-adv-heading15_b1270b-c7\"] img.kb-inline-image{width:150px;vertical-align:baseline;}<\/style>\n<h2 class=\"kt-adv-heading15_b1270b-c7 wp-block-kadence-advancedheading\" data-kb-block=\"kb-adv-heading15_b1270b-c7\">Rummelige<\/h2>\n\n\n\n<p>Der er plads til alle hos os. Du er mere end velkommen uanset alder, h\u00e5rfarve, st\u00f8rrelse, sexualitet eller andet! Vi ved, at alle er forskellige \u2013 og at disse forskelligheder g\u00f8r Elitepole til et federe sted at v\u00e6re.<\/p>\n\n\n<style>.wp-block-kadence-advancedheading.kt-adv-heading15_f62314-3a, .wp-block-kadence-advancedheading.kt-adv-heading15_f62314-3a[data-kb-block=\"kb-adv-heading15_f62314-3a\"]{font-style:normal;}.wp-block-kadence-advancedheading.kt-adv-heading15_f62314-3a mark.kt-highlight, .wp-block-kadence-advancedheading.kt-adv-heading15_f62314-3a[data-kb-block=\"kb-adv-heading15_f62314-3a\"] mark.kt-highlight{font-style:normal;color:#f76a0c;-webkit-box-decoration-break:clone;box-decoration-break:clone;padding-top:0px;padding-right:0px;padding-bottom:0px;padding-left:0px;}.wp-block-kadence-advancedheading.kt-adv-heading15_f62314-3a img.kb-inline-image, .wp-block-kadence-advancedheading.kt-adv-heading15_f62314-3a[data-kb-block=\"kb-adv-heading15_f62314-3a\"] img.kb-inline-image{width:150px;vertical-align:baseline;}<\/style>\n<h2 class=\"kt-adv-heading15_f62314-3a wp-block-kadence-advancedheading\" data-kb-block=\"kb-adv-heading15_f62314-3a\">\u00c6rlige &amp; respektfulde<\/h2>\n\n\n\n<p>Vi taler altid p\u00e6nt til hinanden \u2013 og om hinanden. Eventuelle uoverensstemmelser l\u00f8ser vi ved at tale direkte og klart til hinanden \u2013 b\u00e5de blandt medlemmer og ansatte. Vi ved, at vi alle er med til at skabe et positive tr\u00e6ningsmilj\u00f8, hvor der er rart at v\u00e6re.<\/p>\n\n\n<style>.wp-block-kadence-advancedheading.kt-adv-heading15_008730-ec, .wp-block-kadence-advancedheading.kt-adv-heading15_008730-ec[data-kb-block=\"kb-adv-heading15_008730-ec\"]{font-style:normal;}.wp-block-kadence-advancedheading.kt-adv-heading15_008730-ec mark.kt-highlight, .wp-block-kadence-advancedheading.kt-adv-heading15_008730-ec[data-kb-block=\"kb-adv-heading15_008730-ec\"] mark.kt-highlight{font-style:normal;color:#f76a0c;-webkit-box-decoration-break:clone;box-decoration-break:clone;padding-top:0px;padding-right:0px;padding-bottom:0px;padding-left:0px;}.wp-block-kadence-advancedheading.kt-adv-heading15_008730-ec img.kb-inline-image, .wp-block-kadence-advancedheading.kt-adv-heading15_008730-ec[data-kb-block=\"kb-adv-heading15_008730-ec\"] img.kb-inline-image{width:150px;vertical-align:baseline;}<\/style>\n<h2 class=\"kt-adv-heading15_008730-ec wp-block-kadence-advancedheading\" data-kb-block=\"kb-adv-heading15_008730-ec\">Ambiti\u00f8se<\/h2>\n\n\n\n<p>Vi prioriterer en sikker fremgang for alle polere med respekt for den enkeltes talenter og udfordringer. Vi ved, at progression i tr\u00e6ningen kan have mange udtryk, og vi vil gerne bakke op om b\u00e5de motionisten og elitesportsud\u00f8veren.<\/p>\n<\/div><\/div>\n\n<\/div><\/div><\/div>","protected":false},"excerpt":{"rendered":"<p>K\u00f8benhavns f\u00f8rende poledance studier Alle vores poledance studier er beliggende i K\u00f8benhavn, og danner de perfekte rammer for poledance tr\u00e6ning. Om konceptet Vi tilbyder holdundervisning hver dag inden for poledance og polefitness, men vi tilbyder ogs\u00e5 undervisning dagligt indenfor smidighedstr\u00e6ning, styrkehold, twerk, aerial hoop tr\u00e6ning og meget mere. Vores fleksible holdplaner tilbyder over 100 forskellige&#8230;<\/p>","protected":false},"author":1,"featured_media":59197,"parent":0,"menu_order":0,"comment_status":"closed","ping_status":"closed","template":"","meta":{"_acf_changed":false,"inline_featured_image":false,"_kad_blocks_custom_css":"","_kad_blocks_head_custom_js":"","_kad_blocks_body_custom_js":"","_kad_blocks_footer_custom_js":"","_kad_post_transparent":"","_kad_post_title":"","_kad_post_layout":"","_kad_post_sidebar_id":"","_kad_post_content_style":"","_kad_post_vertical_padding":"","_kad_post_feature":"","_kad_post_feature_position":"","_kad_post_header":false,"_kad_post_footer":false,"footnotes":""},"class_list":["post-15","page","type-page","status-publish","has-post-thumbnail","hentry"],"acf":[],"taxonomy_info":[],"featured_image_src_large":["https:\/\/elitepole.dk\/wp-content\/uploads\/IMG_2336-4-1024x358.jpg",1024,358,true],"author_info":{"display_name":"webto","author_link":"https:\/\/elitepole.dk\/en\/author\/webto\/"},"comment_info":0,"_links":{"self":[{"href":"https:\/\/elitepole.dk\/en\/wp-json\/wp\/v2\/pages\/15","targetHints":{"allow":["GET"]}}],"collection":[{"href":"https:\/\/elitepole.dk\/en\/wp-json\/wp\/v2\/pages"}],"about":[{"href":"https:\/\/elitepole.dk\/en\/wp-json\/wp\/v2\/types\/page"}],"author":[{"embeddable":true,"href":"https:\/\/elitepole.dk\/en\/wp-json\/wp\/v2\/users\/1"}],"replies":[{"embeddable":true,"href":"https:\/\/elitepole.dk\/en\/wp-json\/wp\/v2\/comments?post=15"}],"version-history":[{"count":10,"href":"https:\/\/elitepole.dk\/en\/wp-json\/wp\/v2\/pages\/15\/revisions"}],"predecessor-version":[{"id":59180,"href":"https:\/\/elitepole.dk\/en\/wp-json\/wp\/v2\/pages\/15\/revisions\/59180"}],"wp:featuredmedia":[{"embeddable":true,"href":"https:\/\/elitepole.dk\/en\/wp-json\/wp\/v2\/media\/59197"}],"wp:attachment":[{"href":"https:\/\/elitepole.dk\/en\/wp-json\/wp\/v2\/media?parent=15"}],"curies":[{"name":"wp","href":"https:\/\/api.w.org\/{rel}","templated":true}]}}