{"id":56473,"date":"2023-07-13T14:17:31","date_gmt":"2023-07-13T12:17:31","guid":{"rendered":"https:\/\/elitepole.dk.web04.webtohosting.dk\/galleri\/elitepole-amager\/"},"modified":"2024-01-16T11:30:18","modified_gmt":"2024-01-16T10:30:18","slug":"elitepole-amager","status":"publish","type":"page","link":"https:\/\/elitepole.dk\/en\/galleri\/elitepole-amager\/","title":{"rendered":"ElitePole Amager"},"content":{"rendered":"<div id=\"modal-ready\"><style>.kb-row-layout-wrap.wp-block-kadence-rowlayout.kb-row-layout-id56473_206b97-28{margin-bottom:var(--global-kb-spacing-lg, 3rem);}.kb-row-layout-id56473_206b97-28 > .kt-row-column-wrap{align-content:start;}:where(.kb-row-layout-id56473_206b97-28 > .kt-row-column-wrap) > .wp-block-kadence-column{justify-content:start;}.kb-row-layout-id56473_206b97-28 > .kt-row-column-wrap{column-gap:80px;row-gap:var(--global-kb-gap-lg, 4rem);max-width:var( --global-content-width, 1300px );padding-left:var(--global-content-edge-padding);padding-right:var(--global-content-edge-padding);padding-top:0px;padding-bottom:0px;grid-template-columns:minmax(0, 1fr);}.kb-row-layout-id56473_206b97-28 > .kt-row-layout-overlay{opacity:0.30;}@media all and (max-width: 1024px){.kb-row-layout-id56473_206b97-28 > .kt-row-column-wrap{column-gap:64px;padding-top:0px;padding-bottom:0px;grid-template-columns:minmax(0, 1fr);}}@media all and (max-width: 767px){.kb-row-layout-id56473_206b97-28 > .kt-row-column-wrap{column-gap:64px;padding-top:0px;padding-bottom:0px;grid-template-columns:minmax(0, 1fr);}}<\/style><div class=\"kb-row-layout-wrap kb-row-layout-id56473_206b97-28 alignnone wp-block-kadence-rowlayout\"><div class=\"kt-row-column-wrap kt-has-1-columns kt-row-layout-equal kt-tab-layout-inherit kt-mobile-layout-row kt-row-valign-top kb-theme-content-width\">\n<style>.kadence-column56473_ea3dab-73 > .kt-inside-inner-col,.kadence-column56473_ea3dab-73 > .kt-inside-inner-col:before{border-top-left-radius:0px;border-top-right-radius:0px;border-bottom-right-radius:0px;border-bottom-left-radius:0px;}.kadence-column56473_ea3dab-73 > .kt-inside-inner-col{column-gap:var(--global-kb-gap-sm, 1rem);}.kadence-column56473_ea3dab-73 > .kt-inside-inner-col{flex-direction:column;}.kadence-column56473_ea3dab-73 > .kt-inside-inner-col > .aligncenter{width:100%;}.kadence-column56473_ea3dab-73 > .kt-inside-inner-col:before{opacity:0.3;}.kadence-column56473_ea3dab-73{position:relative;}@media all and (max-width: 1024px){.kadence-column56473_ea3dab-73 > .kt-inside-inner-col{flex-direction:column;justify-content:center;}}@media all and (max-width: 767px){.kadence-column56473_ea3dab-73 > .kt-inside-inner-col{flex-direction:column;justify-content:center;}}<\/style>\n<div class=\"wp-block-kadence-column kadence-column56473_ea3dab-73\"><div class=\"kt-inside-inner-col\"><style>.wp-block-kadence-advancedheading.kt-adv-heading56473_59cf38-20, .wp-block-kadence-advancedheading.kt-adv-heading56473_59cf38-20[data-kb-block=\"kb-adv-heading56473_59cf38-20\"]{text-align:center;font-style:normal;}.wp-block-kadence-advancedheading.kt-adv-heading56473_59cf38-20 mark.kt-highlight, .wp-block-kadence-advancedheading.kt-adv-heading56473_59cf38-20[data-kb-block=\"kb-adv-heading56473_59cf38-20\"] mark.kt-highlight{font-style:normal;color:#f76a0c;-webkit-box-decoration-break:clone;box-decoration-break:clone;padding-top:0px;padding-right:0px;padding-bottom:0px;padding-left:0px;}.wp-block-kadence-advancedheading.kt-adv-heading56473_59cf38-20 img.kb-inline-image, .wp-block-kadence-advancedheading.kt-adv-heading56473_59cf38-20[data-kb-block=\"kb-adv-heading56473_59cf38-20\"] img.kb-inline-image{width:150px;vertical-align:baseline;}<\/style>\n<h2 class=\"kt-adv-heading56473_59cf38-20 wp-block-kadence-advancedheading\" data-kb-block=\"kb-adv-heading56473_59cf38-20\">Billeder af vores poledance studie p\u00e5 Amager<\/h2>\n\n\n\n<p class=\"has-text-align-center\">Poledance studiet p\u00e5 Amager er vores andet poledance studie fra 2015. Studiet blev udvidet i 2024 og flyttede til st\u00f8rre lokaler p\u00e5 Amager, som bla. byder p\u00e5 selv tr\u00e6ning fra kl. 07-22 alle dage.<\/p>\n<\/div><\/div>\n\n<\/div><\/div>\n\n<style>.wp-block-kadence-advancedgallery .kb-gallery-type-masonry.kb-gallery-id-56473_28e8bd-d4{margin:-5px;}.kb-gallery-type-masonry.kb-gallery-id-56473_28e8bd-d4 .kadence-blocks-gallery-item{padding:5px;}.kb-gallery-id-56473_28e8bd-d4 .kadence-blocks-gallery-item .kb-gal-image-radius, .kb-gallery-id-56473_28e8bd-d4 .kb-slide-item .kb-gal-image-radius img{border-radius:0px 0px 0px 0px;;}<\/style><div class=\"kb-gallery-wrap-id-56473_28e8bd-d4 alignnone wp-block-kadence-advancedgallery\"><ul class=\"kb-gallery-ul kb-gallery-non-static kb-gallery-type-masonry kb-masonry-init kb-gallery-id-56473_28e8bd-d4 kb-gallery-caption-style-bottom-hover kb-gallery-filter-none\" data-image-filter=\"none\" data-item-selector=\".kadence-blocks-gallery-item\" data-lightbox-caption=\"true\" data-columns-xxl=\"3\" data-columns-xl=\"3\" data-columns-md=\"3\" data-columns-sm=\"2\" data-columns-xs=\"1\" data-columns-ss=\"1\"><li class=\"kadence-blocks-gallery-item\" tabindex=\"0\"><div class=\"kadence-blocks-gallery-item-inner\"><figure class=\"kb-gallery-figure kadence-blocks-gallery-item-hide-caption\"><div class=\"kb-gal-image-radius\" style=\"max-width:1024px;\"><div class=\"kb-gallery-image-contain kadence-blocks-gallery-intrinsic\" style=\"padding-bottom:100%;\"><img decoding=\"async\" src=\"https:\/\/elitepole.dk\/wp-content\/uploads\/20240103_153659-1024x1024.jpg\" width=\"1024\" height=\"1024\" alt=\"\" data-full-image=\"https:\/\/elitepole.dk\/wp-content\/uploads\/20240103_153659.jpg\" data-light-image=\"https:\/\/elitepole.dk\/wp-content\/uploads\/20240103_153659.jpg\" data-id=\"59465\" class=\"wp-image-59465\" srcset=\"https:\/\/elitepole.dk\/wp-content\/uploads\/20240103_153659-1024x1024.jpg 1024w, https:\/\/elitepole.dk\/wp-content\/uploads\/20240103_153659-300x300.jpg 300w, https:\/\/elitepole.dk\/wp-content\/uploads\/20240103_153659-150x150.jpg 150w, https:\/\/elitepole.dk\/wp-content\/uploads\/20240103_153659-768x768.jpg 768w, https:\/\/elitepole.dk\/wp-content\/uploads\/20240103_153659-1536x1536.jpg 1536w, https:\/\/elitepole.dk\/wp-content\/uploads\/20240103_153659-2048x2048.jpg 2048w, https:\/\/elitepole.dk\/wp-content\/uploads\/20240103_153659-12x12.jpg 12w\" sizes=\"(max-width: 1024px) 100vw, 1024px\" \/><\/div><\/div><\/figure><\/div><\/li><li class=\"kadence-blocks-gallery-item\" tabindex=\"0\"><div class=\"kadence-blocks-gallery-item-inner\"><figure class=\"kb-gallery-figure kadence-blocks-gallery-item-hide-caption\"><div class=\"kb-gal-image-radius\" style=\"max-width:1024px;\"><div class=\"kb-gallery-image-contain kadence-blocks-gallery-intrinsic\" style=\"padding-bottom:100%;\"><img decoding=\"async\" src=\"https:\/\/elitepole.dk\/wp-content\/uploads\/20240102_210439-3-1024x1024.jpg\" width=\"1024\" height=\"1024\" alt=\"\" data-full-image=\"https:\/\/elitepole.dk\/wp-content\/uploads\/20240102_210439-3.jpg\" data-light-image=\"https:\/\/elitepole.dk\/wp-content\/uploads\/20240102_210439-3.jpg\" data-id=\"59464\" class=\"wp-image-59464\" srcset=\"https:\/\/elitepole.dk\/wp-content\/uploads\/20240102_210439-3-1024x1024.jpg 1024w, https:\/\/elitepole.dk\/wp-content\/uploads\/20240102_210439-3-300x300.jpg 300w, https:\/\/elitepole.dk\/wp-content\/uploads\/20240102_210439-3-150x150.jpg 150w, https:\/\/elitepole.dk\/wp-content\/uploads\/20240102_210439-3-768x768.jpg 768w, https:\/\/elitepole.dk\/wp-content\/uploads\/20240102_210439-3-1536x1536.jpg 1536w, https:\/\/elitepole.dk\/wp-content\/uploads\/20240102_210439-3-2048x2048.jpg 2048w, https:\/\/elitepole.dk\/wp-content\/uploads\/20240102_210439-3-12x12.jpg 12w\" sizes=\"(max-width: 1024px) 100vw, 1024px\" \/><\/div><\/div><\/figure><\/div><\/li><li class=\"kadence-blocks-gallery-item\" tabindex=\"0\"><div class=\"kadence-blocks-gallery-item-inner\"><figure class=\"kb-gallery-figure kadence-blocks-gallery-item-hide-caption\"><div class=\"kb-gal-image-radius\" style=\"max-width:1024px;\"><div class=\"kb-gallery-image-contain kadence-blocks-gallery-intrinsic\" style=\"padding-bottom:100%;\"><img decoding=\"async\" src=\"https:\/\/elitepole.dk\/wp-content\/uploads\/20240102_155947-1024x1024.jpg\" width=\"1024\" height=\"1024\" alt=\"\" data-full-image=\"https:\/\/elitepole.dk\/wp-content\/uploads\/20240102_155947.jpg\" data-light-image=\"https:\/\/elitepole.dk\/wp-content\/uploads\/20240102_155947.jpg\" data-id=\"59466\" class=\"wp-image-59466\" srcset=\"https:\/\/elitepole.dk\/wp-content\/uploads\/20240102_155947-1024x1024.jpg 1024w, https:\/\/elitepole.dk\/wp-content\/uploads\/20240102_155947-300x300.jpg 300w, https:\/\/elitepole.dk\/wp-content\/uploads\/20240102_155947-150x150.jpg 150w, https:\/\/elitepole.dk\/wp-content\/uploads\/20240102_155947-768x768.jpg 768w, https:\/\/elitepole.dk\/wp-content\/uploads\/20240102_155947-1536x1536.jpg 1536w, https:\/\/elitepole.dk\/wp-content\/uploads\/20240102_155947-2048x2048.jpg 2048w, https:\/\/elitepole.dk\/wp-content\/uploads\/20240102_155947-12x12.jpg 12w\" sizes=\"(max-width: 1024px) 100vw, 1024px\" \/><\/div><\/div><\/figure><\/div><\/li><\/ul><\/div><\/div>","protected":false},"excerpt":{"rendered":"<p>Billeder af vores poledance studie p\u00e5 Amager Poledance studiet p\u00e5 Amager er vores andet poledance studie fra 2015. Studiet blev udvidet i 2024 og flyttede til st\u00f8rre lokaler p\u00e5 Amager, som bla. byder p\u00e5 selv tr\u00e6ning fra kl. 07-22 alle dage.<\/p>","protected":false},"author":1,"featured_media":59121,"parent":56459,"menu_order":3,"comment_status":"closed","ping_status":"closed","template":"","meta":{"_acf_changed":false,"inline_featured_image":false,"_kad_blocks_custom_css":"","_kad_blocks_head_custom_js":"","_kad_blocks_body_custom_js":"","_kad_blocks_footer_custom_js":"","_kad_post_transparent":"","_kad_post_title":"","_kad_post_layout":"","_kad_post_sidebar_id":"","_kad_post_content_style":"","_kad_post_vertical_padding":"","_kad_post_feature":"","_kad_post_feature_position":"","_kad_post_header":false,"_kad_post_footer":false,"footnotes":""},"class_list":["post-56473","page","type-page","status-publish","has-post-thumbnail","hentry"],"acf":[],"taxonomy_info":[],"featured_image_src_large":["https:\/\/elitepole.dk\/wp-content\/uploads\/IMG_1152-1024x358.jpg",1024,358,true],"author_info":{"display_name":"webto","author_link":"https:\/\/elitepole.dk\/en\/author\/webto\/"},"comment_info":0,"_links":{"self":[{"href":"https:\/\/elitepole.dk\/en\/wp-json\/wp\/v2\/pages\/56473","targetHints":{"allow":["GET"]}}],"collection":[{"href":"https:\/\/elitepole.dk\/en\/wp-json\/wp\/v2\/pages"}],"about":[{"href":"https:\/\/elitepole.dk\/en\/wp-json\/wp\/v2\/types\/page"}],"author":[{"embeddable":true,"href":"https:\/\/elitepole.dk\/en\/wp-json\/wp\/v2\/users\/1"}],"replies":[{"embeddable":true,"href":"https:\/\/elitepole.dk\/en\/wp-json\/wp\/v2\/comments?post=56473"}],"version-history":[{"count":5,"href":"https:\/\/elitepole.dk\/en\/wp-json\/wp\/v2\/pages\/56473\/revisions"}],"predecessor-version":[{"id":59468,"href":"https:\/\/elitepole.dk\/en\/wp-json\/wp\/v2\/pages\/56473\/revisions\/59468"}],"up":[{"embeddable":true,"href":"https:\/\/elitepole.dk\/en\/wp-json\/wp\/v2\/pages\/56459"}],"wp:featuredmedia":[{"embeddable":true,"href":"https:\/\/elitepole.dk\/en\/wp-json\/wp\/v2\/media\/59121"}],"wp:attachment":[{"href":"https:\/\/elitepole.dk\/en\/wp-json\/wp\/v2\/media?parent=56473"}],"curies":[{"name":"wp","href":"https:\/\/api.w.org\/{rel}","templated":true}]}}