{"id":56474,"date":"2023-07-13T14:17:32","date_gmt":"2023-07-13T12:17:32","guid":{"rendered":"https:\/\/elitepole.dk.web04.webtohosting.dk\/galleri\/elitepole-vanloese\/"},"modified":"2023-09-20T00:24:52","modified_gmt":"2023-09-19T22:24:52","slug":"elitepole-vanloese","status":"publish","type":"page","link":"https:\/\/elitepole.dk\/en\/galleri\/elitepole-vanloese\/","title":{"rendered":"ElitePole Vanl\u00f8se"},"content":{"rendered":"<div id=\"modal-ready\"><style>.kb-row-layout-wrap.wp-block-kadence-rowlayout.kb-row-layout-id56474_56a94a-fa{margin-bottom:var(--global-kb-spacing-lg, 3rem);}.kb-row-layout-id56474_56a94a-fa > .kt-row-column-wrap{align-content:start;}:where(.kb-row-layout-id56474_56a94a-fa > .kt-row-column-wrap) > .wp-block-kadence-column{justify-content:start;}.kb-row-layout-id56474_56a94a-fa > .kt-row-column-wrap{column-gap:80px;row-gap:var(--global-kb-gap-lg, 4rem);max-width:var( --global-content-width, 1300px );padding-left:var(--global-content-edge-padding);padding-right:var(--global-content-edge-padding);padding-top:0px;padding-bottom:0px;grid-template-columns:minmax(0, 1fr);}.kb-row-layout-id56474_56a94a-fa > .kt-row-layout-overlay{opacity:0.30;}@media all and (max-width: 1024px){.kb-row-layout-id56474_56a94a-fa > .kt-row-column-wrap{column-gap:64px;padding-top:0px;padding-bottom:0px;grid-template-columns:minmax(0, 1fr);}}@media all and (max-width: 767px){.kb-row-layout-id56474_56a94a-fa > .kt-row-column-wrap{column-gap:64px;padding-top:0px;padding-bottom:0px;grid-template-columns:minmax(0, 1fr);}}<\/style><div class=\"kb-row-layout-wrap kb-row-layout-id56474_56a94a-fa alignnone wp-block-kadence-rowlayout\"><div class=\"kt-row-column-wrap kt-has-1-columns kt-row-layout-equal kt-tab-layout-inherit kt-mobile-layout-row kt-row-valign-top kb-theme-content-width\">\n<style>.kadence-column56474_cb31be-ad > .kt-inside-inner-col,.kadence-column56474_cb31be-ad > .kt-inside-inner-col:before{border-top-left-radius:0px;border-top-right-radius:0px;border-bottom-right-radius:0px;border-bottom-left-radius:0px;}.kadence-column56474_cb31be-ad > .kt-inside-inner-col{column-gap:var(--global-kb-gap-sm, 1rem);}.kadence-column56474_cb31be-ad > .kt-inside-inner-col{flex-direction:column;}.kadence-column56474_cb31be-ad > .kt-inside-inner-col > .aligncenter{width:100%;}.kadence-column56474_cb31be-ad > .kt-inside-inner-col:before{opacity:0.3;}.kadence-column56474_cb31be-ad{position:relative;}@media all and (max-width: 1024px){.kadence-column56474_cb31be-ad > .kt-inside-inner-col{flex-direction:column;justify-content:center;}}@media all and (max-width: 767px){.kadence-column56474_cb31be-ad > .kt-inside-inner-col{flex-direction:column;justify-content:center;}}<\/style>\n<div class=\"wp-block-kadence-column kadence-column56474_cb31be-ad\"><div class=\"kt-inside-inner-col\"><style>.wp-block-kadence-advancedheading.kt-adv-heading56474_cfcee0-8c, .wp-block-kadence-advancedheading.kt-adv-heading56474_cfcee0-8c[data-kb-block=\"kb-adv-heading56474_cfcee0-8c\"]{text-align:center;font-style:normal;}.wp-block-kadence-advancedheading.kt-adv-heading56474_cfcee0-8c mark.kt-highlight, .wp-block-kadence-advancedheading.kt-adv-heading56474_cfcee0-8c[data-kb-block=\"kb-adv-heading56474_cfcee0-8c\"] mark.kt-highlight{font-style:normal;color:#f76a0c;-webkit-box-decoration-break:clone;box-decoration-break:clone;padding-top:0px;padding-right:0px;padding-bottom:0px;padding-left:0px;}.wp-block-kadence-advancedheading.kt-adv-heading56474_cfcee0-8c img.kb-inline-image, .wp-block-kadence-advancedheading.kt-adv-heading56474_cfcee0-8c[data-kb-block=\"kb-adv-heading56474_cfcee0-8c\"] img.kb-inline-image{width:150px;vertical-align:baseline;}<\/style>\n<h2 class=\"kt-adv-heading56474_cfcee0-8c wp-block-kadence-advancedheading\" data-kb-block=\"kb-adv-heading56474_cfcee0-8c\">Billeder af vores poledance studie i Vanl\u00f8se<\/h2>\n\n\n\n<p class=\"has-text-align-center\">Poledance studiet i Vanl\u00f8se er vores tredje poledance studie fra 2019, og er karakteriseret ved at v\u00e6re yderst rummeligt og lyst med indbydende receptionsomr\u00e5de med lyse m\u00f8bler.<\/p>\n<\/div><\/div>\n\n<\/div><\/div>\n\n<style>.wp-block-kadence-advancedgallery .kb-gallery-type-masonry.kb-gallery-id-56474_16716b-a6{margin:-5px;}.kb-gallery-type-masonry.kb-gallery-id-56474_16716b-a6 .kadence-blocks-gallery-item{padding:5px;}.kb-gallery-id-56474_16716b-a6 .kadence-blocks-gallery-item .kb-gal-image-radius, .kb-gallery-id-56474_16716b-a6 .kb-slide-item .kb-gal-image-radius img{border-radius:0px 0px 0px 0px;;}<\/style><div class=\"kb-gallery-wrap-id-56474_16716b-a6 alignnone wp-block-kadence-advancedgallery\"><ul class=\"kb-gallery-ul kb-gallery-non-static kb-gallery-type-masonry kb-masonry-init kb-gallery-id-56474_16716b-a6 kb-gallery-caption-style-bottom-hover kb-gallery-filter-none\" data-image-filter=\"none\" data-item-selector=\".kadence-blocks-gallery-item\" data-lightbox-caption=\"true\" data-columns-xxl=\"3\" data-columns-xl=\"3\" data-columns-md=\"3\" data-columns-sm=\"2\" data-columns-xs=\"1\" data-columns-ss=\"1\"><li class=\"kadence-blocks-gallery-item\" tabindex=\"0\"><div class=\"kadence-blocks-gallery-item-inner\"><figure class=\"kb-gallery-figure kadence-blocks-gallery-item-hide-caption\"><div class=\"kb-gal-image-radius\" style=\"max-width:1024px;\"><div class=\"kb-gallery-image-contain kadence-blocks-gallery-intrinsic\" style=\"padding-bottom:75%;\"><img decoding=\"async\" src=\"https:\/\/elitepole.dk\/wp-content\/uploads\/IMG_0048-1024x768.jpg\" width=\"1024\" height=\"768\" alt=\"\" data-full-image=\"https:\/\/elitepole.dk\/wp-content\/uploads\/IMG_0048.jpg\" data-light-image=\"https:\/\/elitepole.dk\/wp-content\/uploads\/IMG_0048.jpg\" data-id=\"57467\" class=\"wp-image-57467\" srcset=\"https:\/\/elitepole.dk\/wp-content\/uploads\/IMG_0048-1024x768.jpg 1024w, https:\/\/elitepole.dk\/wp-content\/uploads\/IMG_0048-300x225.jpg 300w, https:\/\/elitepole.dk\/wp-content\/uploads\/IMG_0048-768x576.jpg 768w, https:\/\/elitepole.dk\/wp-content\/uploads\/IMG_0048-1536x1152.jpg 1536w, https:\/\/elitepole.dk\/wp-content\/uploads\/IMG_0048-16x12.jpg 16w, https:\/\/elitepole.dk\/wp-content\/uploads\/IMG_0048.jpg 2048w\" sizes=\"(max-width: 1024px) 100vw, 1024px\" \/><\/div><\/div><\/figure><\/div><\/li><li class=\"kadence-blocks-gallery-item\" tabindex=\"0\"><div class=\"kadence-blocks-gallery-item-inner\"><figure class=\"kb-gallery-figure kadence-blocks-gallery-item-hide-caption\"><div class=\"kb-gal-image-radius\" style=\"max-width:1024px;\"><div class=\"kb-gallery-image-contain kadence-blocks-gallery-intrinsic\" style=\"padding-bottom:75%;\"><img decoding=\"async\" src=\"https:\/\/elitepole.dk\/wp-content\/uploads\/IMG_0202-5-1024x768.jpg\" width=\"1024\" height=\"768\" alt=\"\" data-full-image=\"https:\/\/elitepole.dk\/wp-content\/uploads\/IMG_0202-5.jpg\" data-light-image=\"https:\/\/elitepole.dk\/wp-content\/uploads\/IMG_0202-5.jpg\" data-id=\"57470\" class=\"wp-image-57470\" srcset=\"https:\/\/elitepole.dk\/wp-content\/uploads\/IMG_0202-5-1024x768.jpg 1024w, https:\/\/elitepole.dk\/wp-content\/uploads\/IMG_0202-5-300x225.jpg 300w, https:\/\/elitepole.dk\/wp-content\/uploads\/IMG_0202-5-768x576.jpg 768w, https:\/\/elitepole.dk\/wp-content\/uploads\/IMG_0202-5-1536x1152.jpg 1536w, https:\/\/elitepole.dk\/wp-content\/uploads\/IMG_0202-5-16x12.jpg 16w, https:\/\/elitepole.dk\/wp-content\/uploads\/IMG_0202-5.jpg 1601w\" sizes=\"(max-width: 1024px) 100vw, 1024px\" \/><\/div><\/div><\/figure><\/div><\/li><li class=\"kadence-blocks-gallery-item\" tabindex=\"0\"><div class=\"kadence-blocks-gallery-item-inner\"><figure class=\"kb-gallery-figure kadence-blocks-gallery-item-hide-caption\"><div class=\"kb-gal-image-radius\" style=\"max-width:1024px;\"><div class=\"kb-gallery-image-contain kadence-blocks-gallery-intrinsic\" style=\"padding-bottom:75%;\"><img decoding=\"async\" src=\"https:\/\/elitepole.dk\/wp-content\/uploads\/IMG_0193-1024x768.jpg\" width=\"1024\" height=\"768\" alt=\"\" data-full-image=\"https:\/\/elitepole.dk\/wp-content\/uploads\/IMG_0193.jpg\" data-light-image=\"https:\/\/elitepole.dk\/wp-content\/uploads\/IMG_0193.jpg\" data-id=\"57472\" class=\"wp-image-57472\" srcset=\"https:\/\/elitepole.dk\/wp-content\/uploads\/IMG_0193-1024x768.jpg 1024w, https:\/\/elitepole.dk\/wp-content\/uploads\/IMG_0193-300x225.jpg 300w, https:\/\/elitepole.dk\/wp-content\/uploads\/IMG_0193-768x576.jpg 768w, https:\/\/elitepole.dk\/wp-content\/uploads\/IMG_0193-1536x1152.jpg 1536w, https:\/\/elitepole.dk\/wp-content\/uploads\/IMG_0193-16x12.jpg 16w, https:\/\/elitepole.dk\/wp-content\/uploads\/IMG_0193.jpg 1569w\" sizes=\"(max-width: 1024px) 100vw, 1024px\" \/><\/div><\/div><\/figure><\/div><\/li><li class=\"kadence-blocks-gallery-item\" tabindex=\"0\"><div class=\"kadence-blocks-gallery-item-inner\"><figure class=\"kb-gallery-figure kadence-blocks-gallery-item-hide-caption\"><div class=\"kb-gal-image-radius\" style=\"max-width:1024px;\"><div class=\"kb-gallery-image-contain kadence-blocks-gallery-intrinsic\" style=\"padding-bottom:75%;\"><img decoding=\"async\" src=\"https:\/\/elitepole.dk\/wp-content\/uploads\/IMG_0185-1024x768.jpg\" width=\"1024\" height=\"768\" alt=\"\" data-full-image=\"https:\/\/elitepole.dk\/wp-content\/uploads\/IMG_0185.jpg\" data-light-image=\"https:\/\/elitepole.dk\/wp-content\/uploads\/IMG_0185.jpg\" data-id=\"57464\" class=\"wp-image-57464\" srcset=\"https:\/\/elitepole.dk\/wp-content\/uploads\/IMG_0185-1024x768.jpg 1024w, https:\/\/elitepole.dk\/wp-content\/uploads\/IMG_0185-300x225.jpg 300w, https:\/\/elitepole.dk\/wp-content\/uploads\/IMG_0185-768x576.jpg 768w, https:\/\/elitepole.dk\/wp-content\/uploads\/IMG_0185-1536x1152.jpg 1536w, https:\/\/elitepole.dk\/wp-content\/uploads\/IMG_0185-16x12.jpg 16w, https:\/\/elitepole.dk\/wp-content\/uploads\/IMG_0185.jpg 1633w\" sizes=\"(max-width: 1024px) 100vw, 1024px\" \/><\/div><\/div><\/figure><\/div><\/li><li class=\"kadence-blocks-gallery-item\" tabindex=\"0\"><div class=\"kadence-blocks-gallery-item-inner\"><figure class=\"kb-gallery-figure kadence-blocks-gallery-item-hide-caption\"><div class=\"kb-gal-image-radius\" style=\"max-width:1024px;\"><div class=\"kb-gallery-image-contain kadence-blocks-gallery-intrinsic\" style=\"padding-bottom:75%;\"><img decoding=\"async\" src=\"https:\/\/elitepole.dk\/wp-content\/uploads\/IMG_0078-2-1024x768.jpg\" width=\"1024\" height=\"768\" alt=\"\" data-full-image=\"https:\/\/elitepole.dk\/wp-content\/uploads\/IMG_0078-2.jpg\" data-light-image=\"https:\/\/elitepole.dk\/wp-content\/uploads\/IMG_0078-2.jpg\" data-id=\"57465\" class=\"wp-image-57465\" srcset=\"https:\/\/elitepole.dk\/wp-content\/uploads\/IMG_0078-2-1024x768.jpg 1024w, https:\/\/elitepole.dk\/wp-content\/uploads\/IMG_0078-2-300x225.jpg 300w, https:\/\/elitepole.dk\/wp-content\/uploads\/IMG_0078-2-768x576.jpg 768w, https:\/\/elitepole.dk\/wp-content\/uploads\/IMG_0078-2-1536x1152.jpg 1536w, https:\/\/elitepole.dk\/wp-content\/uploads\/IMG_0078-2-16x12.jpg 16w, https:\/\/elitepole.dk\/wp-content\/uploads\/IMG_0078-2.jpg 2048w\" sizes=\"(max-width: 1024px) 100vw, 1024px\" \/><\/div><\/div><\/figure><\/div><\/li><li class=\"kadence-blocks-gallery-item\" tabindex=\"0\"><div class=\"kadence-blocks-gallery-item-inner\"><figure class=\"kb-gallery-figure kadence-blocks-gallery-item-hide-caption\"><div class=\"kb-gal-image-radius\" style=\"max-width:1024px;\"><div class=\"kb-gallery-image-contain kadence-blocks-gallery-intrinsic\" style=\"padding-bottom:75%;\"><img decoding=\"async\" src=\"https:\/\/elitepole.dk\/wp-content\/uploads\/IMG_0051-3-1024x768.jpg\" width=\"1024\" height=\"768\" alt=\"\" data-full-image=\"https:\/\/elitepole.dk\/wp-content\/uploads\/IMG_0051-3.jpg\" data-light-image=\"https:\/\/elitepole.dk\/wp-content\/uploads\/IMG_0051-3.jpg\" data-id=\"57466\" class=\"wp-image-57466\" srcset=\"https:\/\/elitepole.dk\/wp-content\/uploads\/IMG_0051-3-1024x768.jpg 1024w, https:\/\/elitepole.dk\/wp-content\/uploads\/IMG_0051-3-300x225.jpg 300w, https:\/\/elitepole.dk\/wp-content\/uploads\/IMG_0051-3-768x576.jpg 768w, https:\/\/elitepole.dk\/wp-content\/uploads\/IMG_0051-3-1536x1152.jpg 1536w, https:\/\/elitepole.dk\/wp-content\/uploads\/IMG_0051-3-16x12.jpg 16w, https:\/\/elitepole.dk\/wp-content\/uploads\/IMG_0051-3.jpg 2048w\" sizes=\"(max-width: 1024px) 100vw, 1024px\" \/><\/div><\/div><\/figure><\/div><\/li><li class=\"kadence-blocks-gallery-item\" tabindex=\"0\"><div class=\"kadence-blocks-gallery-item-inner\"><figure class=\"kb-gallery-figure kadence-blocks-gallery-item-hide-caption\"><div class=\"kb-gal-image-radius\" style=\"max-width:1024px;\"><div class=\"kb-gallery-image-contain kadence-blocks-gallery-intrinsic\" style=\"padding-bottom:75%;\"><img decoding=\"async\" src=\"https:\/\/elitepole.dk\/wp-content\/uploads\/IMG_0228-1024x768.jpg\" width=\"1024\" height=\"768\" alt=\"\" data-full-image=\"https:\/\/elitepole.dk\/wp-content\/uploads\/IMG_0228.jpg\" data-light-image=\"https:\/\/elitepole.dk\/wp-content\/uploads\/IMG_0228.jpg\" data-id=\"57468\" class=\"wp-image-57468\" srcset=\"https:\/\/elitepole.dk\/wp-content\/uploads\/IMG_0228-1024x768.jpg 1024w, https:\/\/elitepole.dk\/wp-content\/uploads\/IMG_0228-300x225.jpg 300w, https:\/\/elitepole.dk\/wp-content\/uploads\/IMG_0228-768x576.jpg 768w, https:\/\/elitepole.dk\/wp-content\/uploads\/IMG_0228-1536x1152.jpg 1536w, https:\/\/elitepole.dk\/wp-content\/uploads\/IMG_0228-16x12.jpg 16w, https:\/\/elitepole.dk\/wp-content\/uploads\/IMG_0228.jpg 1867w\" sizes=\"(max-width: 1024px) 100vw, 1024px\" \/><\/div><\/div><\/figure><\/div><\/li><li class=\"kadence-blocks-gallery-item\" tabindex=\"0\"><div class=\"kadence-blocks-gallery-item-inner\"><figure class=\"kb-gallery-figure kadence-blocks-gallery-item-hide-caption\"><div class=\"kb-gal-image-radius\" style=\"max-width:1024px;\"><div class=\"kb-gallery-image-contain kadence-blocks-gallery-intrinsic\" style=\"padding-bottom:75%;\"><img decoding=\"async\" src=\"https:\/\/elitepole.dk\/wp-content\/uploads\/IMG_0211-2-1024x768.jpg\" width=\"1024\" height=\"768\" alt=\"\" data-full-image=\"https:\/\/elitepole.dk\/wp-content\/uploads\/IMG_0211-2.jpg\" data-light-image=\"https:\/\/elitepole.dk\/wp-content\/uploads\/IMG_0211-2.jpg\" data-id=\"57469\" class=\"wp-image-57469\" srcset=\"https:\/\/elitepole.dk\/wp-content\/uploads\/IMG_0211-2-1024x768.jpg 1024w, https:\/\/elitepole.dk\/wp-content\/uploads\/IMG_0211-2-300x225.jpg 300w, https:\/\/elitepole.dk\/wp-content\/uploads\/IMG_0211-2-768x576.jpg 768w, https:\/\/elitepole.dk\/wp-content\/uploads\/IMG_0211-2-1536x1152.jpg 1536w, https:\/\/elitepole.dk\/wp-content\/uploads\/IMG_0211-2-16x12.jpg 16w, https:\/\/elitepole.dk\/wp-content\/uploads\/IMG_0211-2.jpg 1738w\" sizes=\"(max-width: 1024px) 100vw, 1024px\" \/><\/div><\/div><\/figure><\/div><\/li><li class=\"kadence-blocks-gallery-item\" tabindex=\"0\"><div class=\"kadence-blocks-gallery-item-inner\"><figure class=\"kb-gallery-figure kadence-blocks-gallery-item-hide-caption\"><div class=\"kb-gal-image-radius\" style=\"max-width:1024px;\"><div class=\"kb-gallery-image-contain kadence-blocks-gallery-intrinsic\" style=\"padding-bottom:75%;\"><img decoding=\"async\" src=\"https:\/\/elitepole.dk\/wp-content\/uploads\/IMG_0198-1024x768.jpg\" width=\"1024\" height=\"768\" alt=\"\" data-full-image=\"https:\/\/elitepole.dk\/wp-content\/uploads\/IMG_0198.jpg\" data-light-image=\"https:\/\/elitepole.dk\/wp-content\/uploads\/IMG_0198.jpg\" data-id=\"57471\" class=\"wp-image-57471\" srcset=\"https:\/\/elitepole.dk\/wp-content\/uploads\/IMG_0198-1024x768.jpg 1024w, https:\/\/elitepole.dk\/wp-content\/uploads\/IMG_0198-300x225.jpg 300w, https:\/\/elitepole.dk\/wp-content\/uploads\/IMG_0198-768x576.jpg 768w, https:\/\/elitepole.dk\/wp-content\/uploads\/IMG_0198-1536x1152.jpg 1536w, https:\/\/elitepole.dk\/wp-content\/uploads\/IMG_0198-16x12.jpg 16w, https:\/\/elitepole.dk\/wp-content\/uploads\/IMG_0198.jpg 2048w\" sizes=\"(max-width: 1024px) 100vw, 1024px\" \/><\/div><\/div><\/figure><\/div><\/li><\/ul><\/div><\/div>","protected":false},"excerpt":{"rendered":"<p>Billeder af vores poledance studie i Vanl\u00f8se Poledance studiet i Vanl\u00f8se er vores tredje poledance studie fra 2019, og er karakteriseret ved at v\u00e6re yderst rummeligt og lyst med indbydende receptionsomr\u00e5de med lyse m\u00f8bler.<\/p>","protected":false},"author":1,"featured_media":59125,"parent":56459,"menu_order":4,"comment_status":"closed","ping_status":"closed","template":"","meta":{"_acf_changed":false,"inline_featured_image":false,"_kad_blocks_custom_css":"","_kad_blocks_head_custom_js":"","_kad_blocks_body_custom_js":"","_kad_blocks_footer_custom_js":"","_kad_post_transparent":"","_kad_post_title":"","_kad_post_layout":"","_kad_post_sidebar_id":"","_kad_post_content_style":"","_kad_post_vertical_padding":"","_kad_post_feature":"","_kad_post_feature_position":"","_kad_post_header":false,"_kad_post_footer":false,"footnotes":""},"class_list":["post-56474","page","type-page","status-publish","has-post-thumbnail","hentry"],"acf":[],"taxonomy_info":[],"featured_image_src_large":["https:\/\/elitepole.dk\/wp-content\/uploads\/IMG_0972-2-1024x358.jpg",1024,358,true],"author_info":{"display_name":"webto","author_link":"https:\/\/elitepole.dk\/en\/author\/webto\/"},"comment_info":0,"_links":{"self":[{"href":"https:\/\/elitepole.dk\/en\/wp-json\/wp\/v2\/pages\/56474","targetHints":{"allow":["GET"]}}],"collection":[{"href":"https:\/\/elitepole.dk\/en\/wp-json\/wp\/v2\/pages"}],"about":[{"href":"https:\/\/elitepole.dk\/en\/wp-json\/wp\/v2\/types\/page"}],"author":[{"embeddable":true,"href":"https:\/\/elitepole.dk\/en\/wp-json\/wp\/v2\/users\/1"}],"replies":[{"embeddable":true,"href":"https:\/\/elitepole.dk\/en\/wp-json\/wp\/v2\/comments?post=56474"}],"version-history":[{"count":2,"href":"https:\/\/elitepole.dk\/en\/wp-json\/wp\/v2\/pages\/56474\/revisions"}],"predecessor-version":[{"id":59124,"href":"https:\/\/elitepole.dk\/en\/wp-json\/wp\/v2\/pages\/56474\/revisions\/59124"}],"up":[{"embeddable":true,"href":"https:\/\/elitepole.dk\/en\/wp-json\/wp\/v2\/pages\/56459"}],"wp:featuredmedia":[{"embeddable":true,"href":"https:\/\/elitepole.dk\/en\/wp-json\/wp\/v2\/media\/59125"}],"wp:attachment":[{"href":"https:\/\/elitepole.dk\/en\/wp-json\/wp\/v2\/media?parent=56474"}],"curies":[{"name":"wp","href":"https:\/\/api.w.org\/{rel}","templated":true}]}}