{"id":56475,"date":"2023-07-13T14:17:32","date_gmt":"2023-07-13T12:17:32","guid":{"rendered":"https:\/\/elitepole.dk.web04.webtohosting.dk\/galleri\/elitepole-roedovre\/"},"modified":"2023-09-20T00:30:29","modified_gmt":"2023-09-19T22:30:29","slug":"elitepole-roedovre","status":"publish","type":"page","link":"https:\/\/elitepole.dk\/en\/galleri\/elitepole-roedovre\/","title":{"rendered":"ElitePole R\u00f8dovre"},"content":{"rendered":"<div id=\"modal-ready\"><style>.kb-row-layout-wrap.wp-block-kadence-rowlayout.kb-row-layout-id56475_389d80-a0{margin-bottom:var(--global-kb-spacing-lg, 3rem);}.kb-row-layout-id56475_389d80-a0 > .kt-row-column-wrap{align-content:start;}:where(.kb-row-layout-id56475_389d80-a0 > .kt-row-column-wrap) > .wp-block-kadence-column{justify-content:start;}.kb-row-layout-id56475_389d80-a0 > .kt-row-column-wrap{column-gap:80px;row-gap:var(--global-kb-gap-lg, 4rem);max-width:var( --global-content-width, 1300px );padding-left:var(--global-content-edge-padding);padding-right:var(--global-content-edge-padding);padding-top:0px;padding-bottom:0px;grid-template-columns:minmax(0, 1fr);}.kb-row-layout-id56475_389d80-a0 > .kt-row-layout-overlay{opacity:0.30;}@media all and (max-width: 1024px){.kb-row-layout-id56475_389d80-a0 > .kt-row-column-wrap{column-gap:64px;padding-top:0px;padding-bottom:0px;grid-template-columns:minmax(0, 1fr);}}@media all and (max-width: 767px){.kb-row-layout-id56475_389d80-a0 > .kt-row-column-wrap{column-gap:64px;padding-top:0px;padding-bottom:0px;grid-template-columns:minmax(0, 1fr);}}<\/style><div class=\"kb-row-layout-wrap kb-row-layout-id56475_389d80-a0 alignnone wp-block-kadence-rowlayout\"><div class=\"kt-row-column-wrap kt-has-1-columns kt-row-layout-equal kt-tab-layout-inherit kt-mobile-layout-row kt-row-valign-top kb-theme-content-width\">\n<style>.kadence-column56475_8930eb-b2 > .kt-inside-inner-col,.kadence-column56475_8930eb-b2 > .kt-inside-inner-col:before{border-top-left-radius:0px;border-top-right-radius:0px;border-bottom-right-radius:0px;border-bottom-left-radius:0px;}.kadence-column56475_8930eb-b2 > .kt-inside-inner-col{column-gap:var(--global-kb-gap-sm, 1rem);}.kadence-column56475_8930eb-b2 > .kt-inside-inner-col{flex-direction:column;}.kadence-column56475_8930eb-b2 > .kt-inside-inner-col > .aligncenter{width:100%;}.kadence-column56475_8930eb-b2 > .kt-inside-inner-col:before{opacity:0.3;}.kadence-column56475_8930eb-b2{position:relative;}@media all and (max-width: 1024px){.kadence-column56475_8930eb-b2 > .kt-inside-inner-col{flex-direction:column;justify-content:center;}}@media all and (max-width: 767px){.kadence-column56475_8930eb-b2 > .kt-inside-inner-col{flex-direction:column;justify-content:center;}}<\/style>\n<div class=\"wp-block-kadence-column kadence-column56475_8930eb-b2\"><div class=\"kt-inside-inner-col\"><style>.wp-block-kadence-advancedheading.kt-adv-heading56475_f9359b-e1, .wp-block-kadence-advancedheading.kt-adv-heading56475_f9359b-e1[data-kb-block=\"kb-adv-heading56475_f9359b-e1\"]{text-align:center;font-style:normal;}.wp-block-kadence-advancedheading.kt-adv-heading56475_f9359b-e1 mark.kt-highlight, .wp-block-kadence-advancedheading.kt-adv-heading56475_f9359b-e1[data-kb-block=\"kb-adv-heading56475_f9359b-e1\"] mark.kt-highlight{font-style:normal;color:#f76a0c;-webkit-box-decoration-break:clone;box-decoration-break:clone;padding-top:0px;padding-right:0px;padding-bottom:0px;padding-left:0px;}.wp-block-kadence-advancedheading.kt-adv-heading56475_f9359b-e1 img.kb-inline-image, .wp-block-kadence-advancedheading.kt-adv-heading56475_f9359b-e1[data-kb-block=\"kb-adv-heading56475_f9359b-e1\"] img.kb-inline-image{width:150px;vertical-align:baseline;}<\/style>\n<h2 class=\"kt-adv-heading56475_f9359b-e1 wp-block-kadence-advancedheading\" data-kb-block=\"kb-adv-heading56475_f9359b-e1\">Billeder af vores poledance studie i R\u00f8dovre<\/h2>\n\n\n\n<p class=\"has-text-align-center\">Poledance studiet i R\u00f8dovre er vores fjerde poledance studie fra 2022, og er karakteriseret ved at v\u00e6re yderst rummeligt, lyst og nyrenoveret. Dette studie byder desuden p\u00e5 Danmarks bedste \u00e5bningstider, da du kann tr\u00e6ne selv fra 05-00 hver dag, som medlem af ElitePole.<\/p>\n<\/div><\/div>\n\n<\/div><\/div>\n\n<style>.wp-block-kadence-advancedgallery .kb-gallery-type-masonry.kb-gallery-id-56475_baf39b-c6{margin:-5px;}.kb-gallery-type-masonry.kb-gallery-id-56475_baf39b-c6 .kadence-blocks-gallery-item{padding:5px;}.kb-gallery-id-56475_baf39b-c6 .kadence-blocks-gallery-item .kb-gal-image-radius, .kb-gallery-id-56475_baf39b-c6 .kb-slide-item .kb-gal-image-radius img{border-radius:0px 0px 0px 0px;;}<\/style><div class=\"kb-gallery-wrap-id-56475_baf39b-c6 alignnone wp-block-kadence-advancedgallery\"><ul class=\"kb-gallery-ul kb-gallery-non-static kb-gallery-type-masonry kb-masonry-init kb-gallery-id-56475_baf39b-c6 kb-gallery-caption-style-bottom-hover kb-gallery-filter-none\" data-image-filter=\"none\" data-item-selector=\".kadence-blocks-gallery-item\" data-lightbox-caption=\"true\" data-columns-xxl=\"3\" data-columns-xl=\"3\" data-columns-md=\"3\" data-columns-sm=\"2\" data-columns-xs=\"1\" data-columns-ss=\"1\"><li class=\"kadence-blocks-gallery-item\" tabindex=\"0\"><div class=\"kadence-blocks-gallery-item-inner\"><figure class=\"kb-gallery-figure kadence-blocks-gallery-item-hide-caption\"><div class=\"kb-gal-image-radius\" style=\"max-width:1024px;\"><div class=\"kb-gallery-image-contain kadence-blocks-gallery-intrinsic\" style=\"padding-bottom:56%;\"><img decoding=\"async\" src=\"https:\/\/elitepole.dk\/wp-content\/uploads\/IMG_3821_jpg-1024x576.jpg\" width=\"1024\" height=\"576\" alt=\"\" data-full-image=\"https:\/\/elitepole.dk\/wp-content\/uploads\/IMG_3821_jpg-scaled.jpg\" data-light-image=\"https:\/\/elitepole.dk\/wp-content\/uploads\/IMG_3821_jpg-scaled.jpg\" data-id=\"57476\" class=\"wp-image-57476\" srcset=\"https:\/\/elitepole.dk\/wp-content\/uploads\/IMG_3821_jpg-1024x576.jpg 1024w, https:\/\/elitepole.dk\/wp-content\/uploads\/IMG_3821_jpg-300x169.jpg 300w, https:\/\/elitepole.dk\/wp-content\/uploads\/IMG_3821_jpg-768x432.jpg 768w, https:\/\/elitepole.dk\/wp-content\/uploads\/IMG_3821_jpg-1536x864.jpg 1536w, https:\/\/elitepole.dk\/wp-content\/uploads\/IMG_3821_jpg-2048x1152.jpg 2048w, https:\/\/elitepole.dk\/wp-content\/uploads\/IMG_3821_jpg-18x10.jpg 18w\" sizes=\"(max-width: 1024px) 100vw, 1024px\" \/><\/div><\/div><\/figure><\/div><\/li><li class=\"kadence-blocks-gallery-item\" tabindex=\"0\"><div class=\"kadence-blocks-gallery-item-inner\"><figure class=\"kb-gallery-figure kadence-blocks-gallery-item-hide-caption\"><div class=\"kb-gal-image-radius\" style=\"max-width:1024px;\"><div class=\"kb-gallery-image-contain kadence-blocks-gallery-intrinsic\" style=\"padding-bottom:56%;\"><img decoding=\"async\" src=\"https:\/\/elitepole.dk\/wp-content\/uploads\/IMG_3826_jpg-1024x576.jpg\" width=\"1024\" height=\"576\" alt=\"\" data-full-image=\"https:\/\/elitepole.dk\/wp-content\/uploads\/IMG_3826_jpg.jpg\" data-light-image=\"https:\/\/elitepole.dk\/wp-content\/uploads\/IMG_3826_jpg.jpg\" data-id=\"57474\" class=\"wp-image-57474\" srcset=\"https:\/\/elitepole.dk\/wp-content\/uploads\/IMG_3826_jpg-1024x576.jpg 1024w, https:\/\/elitepole.dk\/wp-content\/uploads\/IMG_3826_jpg-300x169.jpg 300w, https:\/\/elitepole.dk\/wp-content\/uploads\/IMG_3826_jpg-768x432.jpg 768w, https:\/\/elitepole.dk\/wp-content\/uploads\/IMG_3826_jpg-1536x864.jpg 1536w, https:\/\/elitepole.dk\/wp-content\/uploads\/IMG_3826_jpg-2048x1152.jpg 2048w, https:\/\/elitepole.dk\/wp-content\/uploads\/IMG_3826_jpg-18x10.jpg 18w\" sizes=\"(max-width: 1024px) 100vw, 1024px\" \/><\/div><\/div><\/figure><\/div><\/li><li class=\"kadence-blocks-gallery-item\" tabindex=\"0\"><div class=\"kadence-blocks-gallery-item-inner\"><figure class=\"kb-gallery-figure kadence-blocks-gallery-item-hide-caption\"><div class=\"kb-gal-image-radius\" style=\"max-width:1024px;\"><div class=\"kb-gallery-image-contain kadence-blocks-gallery-intrinsic\" style=\"padding-bottom:56%;\"><img decoding=\"async\" src=\"https:\/\/elitepole.dk\/wp-content\/uploads\/IMG_3807_jpg-2-1024x576.jpg\" width=\"1024\" height=\"576\" alt=\"\" data-full-image=\"https:\/\/elitepole.dk\/wp-content\/uploads\/IMG_3807_jpg-2.jpg\" data-light-image=\"https:\/\/elitepole.dk\/wp-content\/uploads\/IMG_3807_jpg-2.jpg\" data-id=\"57475\" class=\"wp-image-57475\" srcset=\"https:\/\/elitepole.dk\/wp-content\/uploads\/IMG_3807_jpg-2-1024x576.jpg 1024w, https:\/\/elitepole.dk\/wp-content\/uploads\/IMG_3807_jpg-2-300x169.jpg 300w, https:\/\/elitepole.dk\/wp-content\/uploads\/IMG_3807_jpg-2-768x432.jpg 768w, https:\/\/elitepole.dk\/wp-content\/uploads\/IMG_3807_jpg-2-1536x864.jpg 1536w, https:\/\/elitepole.dk\/wp-content\/uploads\/IMG_3807_jpg-2-2048x1152.jpg 2048w, https:\/\/elitepole.dk\/wp-content\/uploads\/IMG_3807_jpg-2-18x10.jpg 18w\" sizes=\"(max-width: 1024px) 100vw, 1024px\" \/><\/div><\/div><\/figure><\/div><\/li><\/ul><\/div><\/div>","protected":false},"excerpt":{"rendered":"<p>Billeder af vores poledance studie i R\u00f8dovre Poledance studiet i R\u00f8dovre er vores fjerde poledance studie fra 2022, og er karakteriseret ved at v\u00e6re yderst rummeligt, lyst og nyrenoveret. Dette studie byder desuden p\u00e5 Danmarks bedste \u00e5bningstider, da du kann tr\u00e6ne selv fra 05-00 hver dag, som medlem af ElitePole.<\/p>","protected":false},"author":1,"featured_media":59128,"parent":56459,"menu_order":5,"comment_status":"closed","ping_status":"closed","template":"","meta":{"_acf_changed":false,"inline_featured_image":false,"_kad_blocks_custom_css":"","_kad_blocks_head_custom_js":"","_kad_blocks_body_custom_js":"","_kad_blocks_footer_custom_js":"","_kad_post_transparent":"","_kad_post_title":"","_kad_post_layout":"","_kad_post_sidebar_id":"","_kad_post_content_style":"","_kad_post_vertical_padding":"","_kad_post_feature":"","_kad_post_feature_position":"","_kad_post_header":false,"_kad_post_footer":false,"footnotes":""},"class_list":["post-56475","page","type-page","status-publish","has-post-thumbnail","hentry"],"acf":[],"taxonomy_info":[],"featured_image_src_large":["https:\/\/elitepole.dk\/wp-content\/uploads\/IMG_1050-2-1024x358.jpg",1024,358,true],"author_info":{"display_name":"webto","author_link":"https:\/\/elitepole.dk\/en\/author\/webto\/"},"comment_info":0,"_links":{"self":[{"href":"https:\/\/elitepole.dk\/en\/wp-json\/wp\/v2\/pages\/56475","targetHints":{"allow":["GET"]}}],"collection":[{"href":"https:\/\/elitepole.dk\/en\/wp-json\/wp\/v2\/pages"}],"about":[{"href":"https:\/\/elitepole.dk\/en\/wp-json\/wp\/v2\/types\/page"}],"author":[{"embeddable":true,"href":"https:\/\/elitepole.dk\/en\/wp-json\/wp\/v2\/users\/1"}],"replies":[{"embeddable":true,"href":"https:\/\/elitepole.dk\/en\/wp-json\/wp\/v2\/comments?post=56475"}],"version-history":[{"count":2,"href":"https:\/\/elitepole.dk\/en\/wp-json\/wp\/v2\/pages\/56475\/revisions"}],"predecessor-version":[{"id":59127,"href":"https:\/\/elitepole.dk\/en\/wp-json\/wp\/v2\/pages\/56475\/revisions\/59127"}],"up":[{"embeddable":true,"href":"https:\/\/elitepole.dk\/en\/wp-json\/wp\/v2\/pages\/56459"}],"wp:featuredmedia":[{"embeddable":true,"href":"https:\/\/elitepole.dk\/en\/wp-json\/wp\/v2\/media\/59128"}],"wp:attachment":[{"href":"https:\/\/elitepole.dk\/en\/wp-json\/wp\/v2\/media?parent=56475"}],"curies":[{"name":"wp","href":"https:\/\/api.w.org\/{rel}","templated":true}]}}