{"id":56479,"date":"2023-07-13T14:18:25","date_gmt":"2023-07-13T12:18:25","guid":{"rendered":"https:\/\/elitepole.dk.web04.webtohosting.dk\/om-os\/instruktoerteamet\/"},"modified":"2023-09-18T12:24:08","modified_gmt":"2023-09-18T10:24:08","slug":"instruktoerteamet","status":"publish","type":"page","link":"https:\/\/elitepole.dk\/en\/om-os\/instruktoerteamet\/","title":{"rendered":"The instructor team"},"content":{"rendered":"<div id=\"modal-ready\"><style>.kb-row-layout-id56479_72cd57-37 > .kt-row-column-wrap{align-content:start;}:where(.kb-row-layout-id56479_72cd57-37 > .kt-row-column-wrap) > .wp-block-kadence-column{justify-content:start;}.kb-row-layout-id56479_72cd57-37 > .kt-row-column-wrap{column-gap:80px;row-gap:var(--global-kb-gap-lg, 4rem);max-width:var( --global-content-width, 1300px );padding-left:var(--global-content-edge-padding);padding-right:var(--global-content-edge-padding);padding-top:0px;padding-bottom:0px;grid-template-columns:minmax(0, calc(50% - ((80px * 1 )\/2)))minmax(0, calc(50% - ((80px * 1 )\/2)));}.kb-row-layout-id56479_72cd57-37 > .kt-row-layout-overlay{opacity:0.30;}@media all and (max-width: 1024px){.kb-row-layout-id56479_72cd57-37 > .kt-row-column-wrap{column-gap:64px;padding-top:0px;padding-bottom:0px;grid-template-columns:repeat(2, minmax(0, 1fr));}}@media all and (max-width: 767px){.kb-row-layout-id56479_72cd57-37 > .kt-row-column-wrap{column-gap:64px;padding-top:0px;padding-bottom:0px;grid-template-columns:minmax(0, 1fr);}}<\/style><div class=\"kb-row-layout-wrap kb-row-layout-id56479_72cd57-37 alignnone wp-block-kadence-rowlayout\"><div class=\"kt-row-column-wrap kt-has-2-columns kt-row-layout-equal kt-tab-layout-inherit kt-mobile-layout-row kt-row-valign-top kb-theme-content-width\">\n<style>.kadence-column56479_754829-9e > .kt-inside-inner-col,.kadence-column56479_754829-9e > .kt-inside-inner-col:before{border-top-left-radius:0px;border-top-right-radius:0px;border-bottom-right-radius:0px;border-bottom-left-radius:0px;}.kadence-column56479_754829-9e > .kt-inside-inner-col{column-gap:var(--global-kb-gap-sm, 1rem);}.kadence-column56479_754829-9e > .kt-inside-inner-col{flex-direction:column;}.kadence-column56479_754829-9e > .kt-inside-inner-col > .aligncenter{width:100%;}.kadence-column56479_754829-9e > .kt-inside-inner-col:before{opacity:0.3;}.kadence-column56479_754829-9e{position:relative;}@media all and (max-width: 1024px){.kadence-column56479_754829-9e > .kt-inside-inner-col{flex-direction:column;justify-content:center;}}@media all and (max-width: 767px){.kadence-column56479_754829-9e > .kt-inside-inner-col{flex-direction:column;justify-content:center;}}<\/style>\n<div class=\"wp-block-kadence-column kadence-column56479_754829-9e\"><div class=\"kt-inside-inner-col\"><style>.wp-block-kadence-advancedheading.kt-adv-heading56479_1867a2-b6, .wp-block-kadence-advancedheading.kt-adv-heading56479_1867a2-b6[data-kb-block=\"kb-adv-heading56479_1867a2-b6\"]{font-style:normal;}.wp-block-kadence-advancedheading.kt-adv-heading56479_1867a2-b6 mark.kt-highlight, .wp-block-kadence-advancedheading.kt-adv-heading56479_1867a2-b6[data-kb-block=\"kb-adv-heading56479_1867a2-b6\"] mark.kt-highlight{font-style:normal;color:#f76a0c;-webkit-box-decoration-break:clone;box-decoration-break:clone;padding-top:0px;padding-right:0px;padding-bottom:0px;padding-left:0px;}.wp-block-kadence-advancedheading.kt-adv-heading56479_1867a2-b6 img.kb-inline-image, .wp-block-kadence-advancedheading.kt-adv-heading56479_1867a2-b6[data-kb-block=\"kb-adv-heading56479_1867a2-b6\"] img.kb-inline-image{width:150px;vertical-align:baseline;}<\/style>\n<h2 class=\"kt-adv-heading56479_1867a2-b6 wp-block-kadence-advancedheading\" data-kb-block=\"kb-adv-heading56479_1867a2-b6\">Certificerede &amp; erfarne instrukt\u00f8rer<\/h2>\n\n\n\n<p>Vi er stolte af at kunne tilbyde dig undervisning med nogle af Danmarks dygtigste instrukt\u00f8rer.<\/p>\n\n\n<style>.wp-block-kadence-advancedheading.kt-adv-heading56479_f9762c-16, .wp-block-kadence-advancedheading.kt-adv-heading56479_f9762c-16[data-kb-block=\"kb-adv-heading56479_f9762c-16\"]{font-style:normal;}.wp-block-kadence-advancedheading.kt-adv-heading56479_f9762c-16 mark.kt-highlight, .wp-block-kadence-advancedheading.kt-adv-heading56479_f9762c-16[data-kb-block=\"kb-adv-heading56479_f9762c-16\"] mark.kt-highlight{font-style:normal;color:#f76a0c;-webkit-box-decoration-break:clone;box-decoration-break:clone;padding-top:0px;padding-right:0px;padding-bottom:0px;padding-left:0px;}.wp-block-kadence-advancedheading.kt-adv-heading56479_f9762c-16 img.kb-inline-image, .wp-block-kadence-advancedheading.kt-adv-heading56479_f9762c-16[data-kb-block=\"kb-adv-heading56479_f9762c-16\"] img.kb-inline-image{width:150px;vertical-align:baseline;}<\/style>\n<h2 class=\"kt-adv-heading56479_f9762c-16 wp-block-kadence-advancedheading\" data-kb-block=\"kb-adv-heading56479_f9762c-16\">Om teamet<\/h2>\n\n\n\n<p>Dengang ElitePole \u00e5bnede var vi blot 4 instrukt\u00f8rer, og meget er sket siden dengang. I dag er vores instrukt\u00f8r stab vokset til at over 40 instrukt\u00f8rer, som underviser mere end 100 forskellige hold hver uge fordelt over alle ElitePole\u2019s studier. F\u00e6lles for alle vores instrukt\u00f8rer er, at de br\u00e6nder for det de laver. De har stor undervisningserfaring, er certificerede og mestrer mange individuelle kompetencer og stilarter indenfor tr\u00e6ningen. Med deres forskellige \u2013 og relevante baggrunde indenfor f.eks. fitness branchen, dansens \u2013 eller gymnastikkens verden, er du sikret alsidig og kvalificeret undervisning hos os, hvor du vil blive inspireret \u2013 og motiveret af at opleve flere forskellige tilgange til tr\u00e6ningen \u2013 og udtryk i undervisningen.<\/p>\n\n\n\n<p>Udvikling af kompetencer og talent er en topprioritet blandt vores instrukt\u00f8rer. Flere af vores instrukt\u00f8rer har konkurreret i poledance p\u00e5 nationalt \u2013 og internationalt plan, og har vundet adskillige titler med hjem til ElitePole. Uanset om du har store m\u00e5l og dr\u00f8mme for din tr\u00e6ning, eller blot \u00f8nsker at f\u00e5 nogle positive og sjove tr\u00e6ningsoplevelser, s\u00e5 er vores instrukt\u00f8rer klar til at st\u00f8tte, vejlede og guide dig.<\/p>\n\n\n<style>.wp-block-kadence-advancedheading.kt-adv-heading56479_857614-c8, .wp-block-kadence-advancedheading.kt-adv-heading56479_857614-c8[data-kb-block=\"kb-adv-heading56479_857614-c8\"]{text-align:center;font-style:normal;}.wp-block-kadence-advancedheading.kt-adv-heading56479_857614-c8 mark.kt-highlight, .wp-block-kadence-advancedheading.kt-adv-heading56479_857614-c8[data-kb-block=\"kb-adv-heading56479_857614-c8\"] mark.kt-highlight{font-style:normal;color:#f76a0c;-webkit-box-decoration-break:clone;box-decoration-break:clone;padding-top:0px;padding-right:0px;padding-bottom:0px;padding-left:0px;}.wp-block-kadence-advancedheading.kt-adv-heading56479_857614-c8 img.kb-inline-image, .wp-block-kadence-advancedheading.kt-adv-heading56479_857614-c8[data-kb-block=\"kb-adv-heading56479_857614-c8\"] img.kb-inline-image{width:150px;vertical-align:baseline;}<\/style>\n<h4 class=\"kt-adv-heading56479_857614-c8 wp-block-kadence-advancedheading\" data-kb-block=\"kb-adv-heading56479_857614-c8\">Vi gl\u00e6der os til at tr\u00e6ne med dig.<\/h4>\n<\/div><\/div>\n\n\n<style>.kadence-column56479_dda608-f8 > .kt-inside-inner-col,.kadence-column56479_dda608-f8 > .kt-inside-inner-col:before{border-top-left-radius:0px;border-top-right-radius:0px;border-bottom-right-radius:0px;border-bottom-left-radius:0px;}.kadence-column56479_dda608-f8 > .kt-inside-inner-col{column-gap:var(--global-kb-gap-sm, 1rem);}.kadence-column56479_dda608-f8 > .kt-inside-inner-col{flex-direction:column;}.kadence-column56479_dda608-f8 > .kt-inside-inner-col > .aligncenter{width:100%;}.kadence-column56479_dda608-f8 > .kt-inside-inner-col:before{opacity:0.3;}.kadence-column56479_dda608-f8{position:relative;}@media all and (max-width: 1024px){.kadence-column56479_dda608-f8 > .kt-inside-inner-col{flex-direction:column;justify-content:center;}}@media all and (max-width: 767px){.kadence-column56479_dda608-f8 > .kt-inside-inner-col{flex-direction:column;justify-content:center;}}<\/style>\n<div class=\"wp-block-kadence-column kadence-column56479_dda608-f8\"><div class=\"kt-inside-inner-col\"><style>.kadence-column56479_c2c301-b1 > .kt-inside-inner-col{padding-top:var(--global-kb-spacing-lg, 3rem);padding-right:var(--global-kb-spacing-lg, 3rem);padding-bottom:var(--global-kb-spacing-lg, 3rem);padding-left:var(--global-kb-spacing-lg, 3rem);}.kadence-column56479_c2c301-b1 > .kt-inside-inner-col,.kadence-column56479_c2c301-b1 > .kt-inside-inner-col:before{border-top-left-radius:6px;border-top-right-radius:6px;border-bottom-right-radius:6px;border-bottom-left-radius:6px;}.kadence-column56479_c2c301-b1 > .kt-inside-inner-col{column-gap:var(--global-kb-gap-sm, 1rem);}.kadence-column56479_c2c301-b1 > .kt-inside-inner-col{flex-direction:column;}.kadence-column56479_c2c301-b1 > .kt-inside-inner-col > .aligncenter{width:100%;}.kadence-column56479_c2c301-b1 > .kt-inside-inner-col{background-color:var(--global-palette7, #EDF2F7);}.kadence-column56479_c2c301-b1 > .kt-inside-inner-col:before{opacity:0.3;}.kadence-column56479_c2c301-b1{position:relative;}.kadence-column56479_c2c301-b1, .kt-inside-inner-col > .kadence-column56479_c2c301-b1:not(.specificity){margin-top:-100px;}@media all and (max-width: 1024px){.kadence-column56479_c2c301-b1 > .kt-inside-inner-col{flex-direction:column;justify-content:center;}}@media all and (max-width: 767px){.kadence-column56479_c2c301-b1 > .kt-inside-inner-col{padding-top:var(--global-kb-spacing-sm, 1.5rem);padding-right:var(--global-kb-spacing-sm, 1.5rem);padding-bottom:var(--global-kb-spacing-sm, 1.5rem);padding-left:var(--global-kb-spacing-sm, 1.5rem);flex-direction:column;justify-content:center;}.kadence-column56479_c2c301-b1, .kt-inside-inner-col > .kadence-column56479_c2c301-b1:not(.specificity){margin-top:0px;}}<\/style>\n<div class=\"wp-block-kadence-column kadence-column56479_c2c301-b1\"><div class=\"kt-inside-inner-col\"><style>.wp-block-kadence-advancedbtn.kb-btns56479_853248-6f{gap:var(--global-kb-gap-sm, 1rem);flex-direction:column;align-items:center;justify-content:center;}.kt-btns56479_853248-6f .kt-button{font-weight:normal;font-style:normal;}.kt-btns56479_853248-6f .kt-btn-wrap-0{margin-right:5px;}.wp-block-kadence-advancedbtn.kt-btns56479_853248-6f .kt-btn-wrap-0 .kt-button{color:#555555;border-color:#555555;}.wp-block-kadence-advancedbtn.kt-btns56479_853248-6f .kt-btn-wrap-0 .kt-button:hover, .wp-block-kadence-advancedbtn.kt-btns56479_853248-6f .kt-btn-wrap-0 .kt-button:focus{color:#ffffff;border-color:#444444;}.wp-block-kadence-advancedbtn.kt-btns56479_853248-6f .kt-btn-wrap-0 .kt-button::before{display:none;}.wp-block-kadence-advancedbtn.kt-btns56479_853248-6f .kt-btn-wrap-0 .kt-button:hover, .wp-block-kadence-advancedbtn.kt-btns56479_853248-6f .kt-btn-wrap-0 .kt-button:focus{background:#444444;}<\/style>\n<div class=\"wp-block-kadence-advancedbtn kb-buttons-wrap kb-btns56479_853248-6f\"><style>ul.menu .wp-block-kadence-advancedbtn .kb-btn56479_aa8826-2c.kb-button{width:initial;}<\/style><a class=\"kb-button kt-button button kb-btn56479_aa8826-2c kt-btn-size-standard kt-btn-width-type-full kb-btn-global-inherit  kt-btn-has-text-true kt-btn-has-svg-false  wp-block-button__link wp-block-kadence-singlebtn\" href=\"https:\/\/elitepole.dk\/book-proevetime\/\"><span class=\"kt-btn-inner-text\">Book pr\u00f8vetime<\/span><\/a>\n\n<style>ul.menu .wp-block-kadence-advancedbtn .kb-btn56479_7e38d0-00.kb-button{width:initial;}<\/style><a class=\"kb-button kt-button button kb-btn56479_7e38d0-00 kt-btn-size-standard kt-btn-width-type-full kb-btn-global-inherit  kt-btn-has-text-true kt-btn-has-svg-false  wp-block-button__link wp-block-kadence-singlebtn\" href=\"\/kontakt-os\/\"><span class=\"kt-btn-inner-text\">Kontakt os her<\/span><\/a><\/div>\n<\/div><\/div>\n\n\n<style>.wp-block-kadence-spacer.kt-block-spacer-56479_a478f3-68 .kt-block-spacer{height:60px;}.wp-block-kadence-spacer.kt-block-spacer-56479_a478f3-68 .kt-divider{border-top-width:1px;height:1px;border-top-color:#eee;width:80%;border-top-style:solid;}<\/style>\n<div class=\"wp-block-kadence-spacer aligncenter kt-block-spacer-56479_a478f3-68\"><div class=\"kt-block-spacer kt-block-spacer-halign-center\"><hr class=\"kt-divider\"\/><\/div><\/div>\n\n\n\n<figure class=\"wp-block-image size-large\"><img decoding=\"async\" width=\"1024\" height=\"1024\" src=\"https:\/\/elitepole.dk\/wp-content\/uploads\/IMG_0381-3-1024x1024.jpg\" alt=\"\" class=\"wp-image-58915\" srcset=\"https:\/\/elitepole.dk\/wp-content\/uploads\/IMG_0381-3-1024x1024.jpg 1024w, https:\/\/elitepole.dk\/wp-content\/uploads\/IMG_0381-3-300x300.jpg 300w, https:\/\/elitepole.dk\/wp-content\/uploads\/IMG_0381-3-150x150.jpg 150w, https:\/\/elitepole.dk\/wp-content\/uploads\/IMG_0381-3-768x768.jpg 768w, https:\/\/elitepole.dk\/wp-content\/uploads\/IMG_0381-3-1536x1536.jpg 1536w, https:\/\/elitepole.dk\/wp-content\/uploads\/IMG_0381-3-2048x2048.jpg 2048w, https:\/\/elitepole.dk\/wp-content\/uploads\/IMG_0381-3-12x12.jpg 12w\" sizes=\"(max-width: 1024px) 100vw, 1024px\" \/><\/figure>\n<\/div><\/div>\n\n<\/div><\/div><\/div>","protected":false},"excerpt":{"rendered":"<p>Certificerede &amp; erfarne instrukt\u00f8rer Vi er stolte af at kunne tilbyde dig undervisning med nogle af Danmarks dygtigste instrukt\u00f8rer. Om teamet Dengang ElitePole \u00e5bnede var vi blot 4 instrukt\u00f8rer, og meget er sket siden dengang. I dag er vores instrukt\u00f8r stab vokset til at over 40 instrukt\u00f8rer, som underviser mere end 100 forskellige hold hver&#8230;<\/p>","protected":false},"author":1,"featured_media":58908,"parent":15,"menu_order":9,"comment_status":"closed","ping_status":"closed","template":"","meta":{"_acf_changed":false,"inline_featured_image":false,"_kad_blocks_custom_css":"","_kad_blocks_head_custom_js":"","_kad_blocks_body_custom_js":"","_kad_blocks_footer_custom_js":"","_kad_post_transparent":"","_kad_post_title":"","_kad_post_layout":"","_kad_post_sidebar_id":"","_kad_post_content_style":"","_kad_post_vertical_padding":"","_kad_post_feature":"","_kad_post_feature_position":"","_kad_post_header":false,"_kad_post_footer":false,"footnotes":""},"class_list":["post-56479","page","type-page","status-publish","has-post-thumbnail","hentry"],"acf":[],"taxonomy_info":[],"featured_image_src_large":["https:\/\/elitepole.dk\/wp-content\/uploads\/IMG_2490-1024x358.jpg",1024,358,true],"author_info":{"display_name":"webto","author_link":"https:\/\/elitepole.dk\/en\/author\/webto\/"},"comment_info":0,"_links":{"self":[{"href":"https:\/\/elitepole.dk\/en\/wp-json\/wp\/v2\/pages\/56479","targetHints":{"allow":["GET"]}}],"collection":[{"href":"https:\/\/elitepole.dk\/en\/wp-json\/wp\/v2\/pages"}],"about":[{"href":"https:\/\/elitepole.dk\/en\/wp-json\/wp\/v2\/types\/page"}],"author":[{"embeddable":true,"href":"https:\/\/elitepole.dk\/en\/wp-json\/wp\/v2\/users\/1"}],"replies":[{"embeddable":true,"href":"https:\/\/elitepole.dk\/en\/wp-json\/wp\/v2\/comments?post=56479"}],"version-history":[{"count":10,"href":"https:\/\/elitepole.dk\/en\/wp-json\/wp\/v2\/pages\/56479\/revisions"}],"predecessor-version":[{"id":58917,"href":"https:\/\/elitepole.dk\/en\/wp-json\/wp\/v2\/pages\/56479\/revisions\/58917"}],"up":[{"embeddable":true,"href":"https:\/\/elitepole.dk\/en\/wp-json\/wp\/v2\/pages\/15"}],"wp:featuredmedia":[{"embeddable":true,"href":"https:\/\/elitepole.dk\/en\/wp-json\/wp\/v2\/media\/58908"}],"wp:attachment":[{"href":"https:\/\/elitepole.dk\/en\/wp-json\/wp\/v2\/media?parent=56479"}],"curies":[{"name":"wp","href":"https:\/\/api.w.org\/{rel}","templated":true}]}}