{"id":56552,"date":"2023-07-13T15:20:55","date_gmt":"2023-07-13T13:20:55","guid":{"rendered":"https:\/\/elitepole.dk.web04.webtohosting.dk\/arrangementer\/"},"modified":"2024-09-06T12:21:17","modified_gmt":"2024-09-06T10:21:17","slug":"arrangementer","status":"publish","type":"page","link":"https:\/\/elitepole.dk\/en\/arrangementer\/","title":{"rendered":"Events"},"content":{"rendered":"<div id=\"modal-ready\"><style>.kb-row-layout-id56552_c2bcd7-b9 > .kt-row-column-wrap{align-content:start;}:where(.kb-row-layout-id56552_c2bcd7-b9 > .kt-row-column-wrap) > .wp-block-kadence-column{justify-content:start;}.kb-row-layout-id56552_c2bcd7-b9 > .kt-row-column-wrap{column-gap:80px;row-gap:var(--global-kb-gap-lg, 4rem);max-width:var( --global-content-width, 1300px );padding-left:var(--global-content-edge-padding);padding-right:var(--global-content-edge-padding);padding-top:0px;padding-bottom:0px;grid-template-columns:minmax(0, calc(60% - ((80px * 1 )\/2)))minmax(0, calc(40% - ((80px * 1 )\/2)));}.kb-row-layout-id56552_c2bcd7-b9 > .kt-row-layout-overlay{opacity:0.30;}@media all and (max-width: 1024px){.kb-row-layout-id56552_c2bcd7-b9 > .kt-row-column-wrap{column-gap:64px;padding-top:0px;padding-bottom:0px;grid-template-columns:repeat(2, minmax(0, 1fr));}}@media all and (max-width: 767px){.kb-row-layout-id56552_c2bcd7-b9 > .kt-row-column-wrap{column-gap:64px;padding-top:0px;padding-bottom:0px;grid-template-columns:minmax(0, 1fr);}}<\/style><div class=\"kb-row-layout-wrap kb-row-layout-id56552_c2bcd7-b9 alignnone wp-block-kadence-rowlayout\"><div class=\"kt-row-column-wrap kt-has-2-columns kt-row-layout-equal kt-tab-layout-inherit kt-mobile-layout-row kt-row-valign-top kb-theme-content-width\">\n<style>.kadence-column56552_c491b3-2a > .kt-inside-inner-col,.kadence-column56552_c491b3-2a > .kt-inside-inner-col:before{border-top-left-radius:0px;border-top-right-radius:0px;border-bottom-right-radius:0px;border-bottom-left-radius:0px;}.kadence-column56552_c491b3-2a > .kt-inside-inner-col{column-gap:var(--global-kb-gap-sm, 1rem);}.kadence-column56552_c491b3-2a > .kt-inside-inner-col{flex-direction:column;}.kadence-column56552_c491b3-2a > .kt-inside-inner-col > .aligncenter{width:100%;}.kadence-column56552_c491b3-2a > .kt-inside-inner-col:before{opacity:0.3;}.kadence-column56552_c491b3-2a{position:relative;}@media all and (max-width: 1024px){.kadence-column56552_c491b3-2a > .kt-inside-inner-col{flex-direction:column;justify-content:center;}}@media all and (max-width: 767px){.kadence-column56552_c491b3-2a > .kt-inside-inner-col{flex-direction:column;justify-content:center;}}<\/style>\n<div class=\"wp-block-kadence-column kadence-column56552_c491b3-2a\"><div class=\"kt-inside-inner-col\"><style>.wp-block-kadence-advancedheading.kt-adv-heading56552_9e4e37-87, .wp-block-kadence-advancedheading.kt-adv-heading56552_9e4e37-87[data-kb-block=\"kb-adv-heading56552_9e4e37-87\"]{font-style:normal;}.wp-block-kadence-advancedheading.kt-adv-heading56552_9e4e37-87 mark.kt-highlight, .wp-block-kadence-advancedheading.kt-adv-heading56552_9e4e37-87[data-kb-block=\"kb-adv-heading56552_9e4e37-87\"] mark.kt-highlight{font-style:normal;color:#f76a0c;-webkit-box-decoration-break:clone;box-decoration-break:clone;padding-top:0px;padding-right:0px;padding-bottom:0px;padding-left:0px;}.wp-block-kadence-advancedheading.kt-adv-heading56552_9e4e37-87 img.kb-inline-image, .wp-block-kadence-advancedheading.kt-adv-heading56552_9e4e37-87[data-kb-block=\"kb-adv-heading56552_9e4e37-87\"] img.kb-inline-image{width:150px;vertical-align:baseline;}<\/style>\n<h2 class=\"kt-adv-heading56552_9e4e37-87 wp-block-kadence-advancedheading\" data-kb-block=\"kb-adv-heading56552_9e4e37-87\">Polterabends &amp; meget mere<\/h2>\n\n\n\n<p>Uanset om i skal holde polterabend, julefrokost, teambulding dag, loge arrangement, firma arrangement, f\u00f8dselsdag eller andet tilbyder vi professionel undervisning i poledance med en af vores dygtige instrukt\u00f8rer til begivenheden. Alle kan v\u00e6re med til undervisningen uanset alder, k\u00f8n, fysisk form m.m.<\/p>\n\n\n<style>.wp-block-kadence-advancedheading.kt-adv-heading56552_7b681b-71, .wp-block-kadence-advancedheading.kt-adv-heading56552_7b681b-71[data-kb-block=\"kb-adv-heading56552_7b681b-71\"]{font-style:normal;}.wp-block-kadence-advancedheading.kt-adv-heading56552_7b681b-71 mark.kt-highlight, .wp-block-kadence-advancedheading.kt-adv-heading56552_7b681b-71[data-kb-block=\"kb-adv-heading56552_7b681b-71\"] mark.kt-highlight{font-style:normal;color:#f76a0c;-webkit-box-decoration-break:clone;box-decoration-break:clone;padding-top:0px;padding-right:0px;padding-bottom:0px;padding-left:0px;}.wp-block-kadence-advancedheading.kt-adv-heading56552_7b681b-71 img.kb-inline-image, .wp-block-kadence-advancedheading.kt-adv-heading56552_7b681b-71[data-kb-block=\"kb-adv-heading56552_7b681b-71\"] img.kb-inline-image{width:150px;vertical-align:baseline;}<\/style>\n<h2 class=\"kt-adv-heading56552_7b681b-71 wp-block-kadence-advancedheading\" data-kb-block=\"kb-adv-heading56552_7b681b-71\">Sjove oplevelser sammen<\/h2>\n\n\n\n<p>Vi garanterer sjove &#8211; og l\u00e6rerige oplevelser til vores undervisning, som I vil kunne mindes sammen og grine af sammen \u2013 ogs\u00e5 l\u00e6nge efter! Poledance undervisning er en perfekt aktivitet til b\u00e5de at l\u00e6re noget nyt samt til at komme t\u00e6ttere p\u00e5 hinanden og skabe minder sammen.<\/p>\n\n\n\n<p>L\u00e6s mere om vores forskellige arrangementer i undermenuerne under <a href=\"\/arrangementer\/polterabend\/\">polterabend<\/a> eller <a href=\"https:\/\/elitepole.dk\/arrangementer\/arrangementer-i-studiet\/\">andre arrangementer<\/a><\/p>\n<\/div><\/div>\n\n\n<style>.kadence-column56552_d29f70-23 > .kt-inside-inner-col,.kadence-column56552_d29f70-23 > .kt-inside-inner-col:before{border-top-left-radius:0px;border-top-right-radius:0px;border-bottom-right-radius:0px;border-bottom-left-radius:0px;}.kadence-column56552_d29f70-23 > .kt-inside-inner-col{column-gap:var(--global-kb-gap-sm, 1rem);}.kadence-column56552_d29f70-23 > .kt-inside-inner-col{flex-direction:column;}.kadence-column56552_d29f70-23 > .kt-inside-inner-col > .aligncenter{width:100%;}.kadence-column56552_d29f70-23 > .kt-inside-inner-col:before{opacity:0.3;}.kadence-column56552_d29f70-23{position:relative;}@media all and (max-width: 1024px){.kadence-column56552_d29f70-23 > .kt-inside-inner-col{flex-direction:column;justify-content:center;}}@media all and (max-width: 767px){.kadence-column56552_d29f70-23 > .kt-inside-inner-col{flex-direction:column;justify-content:center;}}<\/style>\n<div class=\"wp-block-kadence-column kadence-column56552_d29f70-23\"><div class=\"kt-inside-inner-col\"><style>.kadence-column56552_12cd24-7a > .kt-inside-inner-col{padding-top:var(--global-kb-spacing-lg, 3rem);padding-right:var(--global-kb-spacing-lg, 3rem);padding-bottom:var(--global-kb-spacing-lg, 3rem);padding-left:var(--global-kb-spacing-lg, 3rem);}.kadence-column56552_12cd24-7a > .kt-inside-inner-col,.kadence-column56552_12cd24-7a > .kt-inside-inner-col:before{border-top-left-radius:6px;border-top-right-radius:6px;border-bottom-right-radius:6px;border-bottom-left-radius:6px;}.kadence-column56552_12cd24-7a > .kt-inside-inner-col{column-gap:var(--global-kb-gap-sm, 1rem);}.kadence-column56552_12cd24-7a > .kt-inside-inner-col{flex-direction:column;}.kadence-column56552_12cd24-7a > .kt-inside-inner-col > .aligncenter{width:100%;}.kadence-column56552_12cd24-7a > .kt-inside-inner-col{background-color:var(--global-palette7, #EDF2F7);}.kadence-column56552_12cd24-7a > .kt-inside-inner-col:before{opacity:0.3;}.kadence-column56552_12cd24-7a{position:relative;}.kadence-column56552_12cd24-7a, .kt-inside-inner-col > .kadence-column56552_12cd24-7a:not(.specificity){margin-top:-100px;}@media all and (max-width: 1024px){.kadence-column56552_12cd24-7a > .kt-inside-inner-col{flex-direction:column;justify-content:center;}}@media all and (max-width: 767px){.kadence-column56552_12cd24-7a > .kt-inside-inner-col{padding-top:var(--global-kb-spacing-sm, 1.5rem);padding-right:var(--global-kb-spacing-sm, 1.5rem);padding-bottom:var(--global-kb-spacing-sm, 1.5rem);padding-left:var(--global-kb-spacing-sm, 1.5rem);flex-direction:column;justify-content:center;}.kadence-column56552_12cd24-7a, .kt-inside-inner-col > .kadence-column56552_12cd24-7a:not(.specificity){margin-top:0px;}}<\/style>\n<div class=\"wp-block-kadence-column kadence-column56552_12cd24-7a\"><div class=\"kt-inside-inner-col\"><style>.wp-block-kadence-advancedbtn.kb-btns56552_0c75a1-b7{gap:var(--global-kb-gap-sm, 1rem);flex-direction:column;align-items:center;justify-content:center;}.kt-btns56552_0c75a1-b7 .kt-button{font-weight:normal;font-style:normal;}.kt-btns56552_0c75a1-b7 .kt-btn-wrap-0{margin-right:5px;}.wp-block-kadence-advancedbtn.kt-btns56552_0c75a1-b7 .kt-btn-wrap-0 .kt-button{color:#555555;border-color:#555555;}.wp-block-kadence-advancedbtn.kt-btns56552_0c75a1-b7 .kt-btn-wrap-0 .kt-button:hover, .wp-block-kadence-advancedbtn.kt-btns56552_0c75a1-b7 .kt-btn-wrap-0 .kt-button:focus{color:#ffffff;border-color:#444444;}.wp-block-kadence-advancedbtn.kt-btns56552_0c75a1-b7 .kt-btn-wrap-0 .kt-button::before{display:none;}.wp-block-kadence-advancedbtn.kt-btns56552_0c75a1-b7 .kt-btn-wrap-0 .kt-button:hover, .wp-block-kadence-advancedbtn.kt-btns56552_0c75a1-b7 .kt-btn-wrap-0 .kt-button:focus{background:#444444;}<\/style>\n<div class=\"wp-block-kadence-advancedbtn kb-buttons-wrap kb-btns56552_0c75a1-b7\"><style>ul.menu .wp-block-kadence-advancedbtn .kb-btn56552_eb7c62-bc.kb-button{width:initial;}<\/style><a class=\"kb-button kt-button button kb-btn56552_eb7c62-bc kt-btn-size-standard kt-btn-width-type-full kb-btn-global-inherit  kt-btn-has-text-true kt-btn-has-svg-false  wp-block-button__link wp-block-kadence-singlebtn\" href=\"https:\/\/elitepole.dk\/arrangementer\/polterabend\/\"><span class=\"kt-btn-inner-text\">L\u00c6S OM POLTERABENDS<\/span><\/a>\n\n<style>ul.menu .wp-block-kadence-advancedbtn .kb-btn56552_fd0d40-87.kb-button{width:initial;}<\/style><a class=\"kb-button kt-button button kb-btn56552_fd0d40-87 kt-btn-size-standard kt-btn-width-type-full kb-btn-global-inherit  kt-btn-has-text-true kt-btn-has-svg-false  wp-block-button__link wp-block-kadence-singlebtn\" href=\"https:\/\/elitepole.dk\/arrangementer\/arrangementer-i-studiet\/\"><span class=\"kt-btn-inner-text\">ANDRE ARRANGREMENTER<\/span><\/a><\/div>\n<\/div><\/div>\n\n\n<style>.kadence-column56552_beb242-41 > .kt-inside-inner-col,.kadence-column56552_beb242-41 > .kt-inside-inner-col:before{border-top-left-radius:0px;border-top-right-radius:0px;border-bottom-right-radius:0px;border-bottom-left-radius:0px;}.kadence-column56552_beb242-41 > .kt-inside-inner-col{column-gap:var(--global-kb-gap-sm, 1rem);}.kadence-column56552_beb242-41 > .kt-inside-inner-col{flex-direction:column;}.kadence-column56552_beb242-41 > .kt-inside-inner-col > .aligncenter{width:100%;}.kadence-column56552_beb242-41 > .kt-inside-inner-col:before{opacity:0.3;}.kadence-column56552_beb242-41{position:relative;}@media all and (max-width: 1024px){.kadence-column56552_beb242-41 > .kt-inside-inner-col{flex-direction:column;justify-content:center;}}@media all and (max-width: 767px){.kadence-column56552_beb242-41 > .kt-inside-inner-col{flex-direction:column;justify-content:center;}}<\/style>\n<div class=\"wp-block-kadence-column kadence-column56552_beb242-41\"><div class=\"kt-inside-inner-col\"><style>.wp-block-kadence-spacer.kt-block-spacer-56552_a38cf3-aa .kt-block-spacer{height:60px;}.wp-block-kadence-spacer.kt-block-spacer-56552_a38cf3-aa .kt-divider{border-top-width:1px;height:1px;border-top-color:#eee;width:80%;border-top-style:solid;}<\/style>\n<div class=\"wp-block-kadence-spacer aligncenter kt-block-spacer-56552_a38cf3-aa\"><div class=\"kt-block-spacer kt-block-spacer-halign-center\"><hr class=\"kt-divider\"\/><\/div><\/div>\n\n\n\n<figure class=\"wp-block-image size-large\"><img decoding=\"async\" width=\"1024\" height=\"683\" src=\"https:\/\/elitepole.dk\/wp-content\/uploads\/IMG_2296-2-1024x683.jpg\" alt=\"\" class=\"wp-image-58828\" srcset=\"https:\/\/elitepole.dk\/wp-content\/uploads\/IMG_2296-2-1024x683.jpg 1024w, https:\/\/elitepole.dk\/wp-content\/uploads\/IMG_2296-2-300x200.jpg 300w, https:\/\/elitepole.dk\/wp-content\/uploads\/IMG_2296-2-768x512.jpg 768w, https:\/\/elitepole.dk\/wp-content\/uploads\/IMG_2296-2-1536x1024.jpg 1536w, https:\/\/elitepole.dk\/wp-content\/uploads\/IMG_2296-2-2048x1365.jpg 2048w, https:\/\/elitepole.dk\/wp-content\/uploads\/IMG_2296-2-18x12.jpg 18w\" sizes=\"(max-width: 1024px) 100vw, 1024px\" \/><\/figure>\n<\/div><\/div>\n<\/div><\/div>\n\n<\/div><\/div><\/div>","protected":false},"excerpt":{"rendered":"<p>Polterabends &amp; meget mere Uanset om i skal holde polterabend, julefrokost, teambulding dag, loge arrangement, firma arrangement, f\u00f8dselsdag eller andet tilbyder vi professionel undervisning i poledance med en af vores dygtige instrukt\u00f8rer til begivenheden. Alle kan v\u00e6re med til undervisningen uanset alder, k\u00f8n, fysisk form m.m. Sjove oplevelser sammen Vi garanterer sjove &#8211; og l\u00e6rerige&#8230;<\/p>","protected":false},"author":1,"featured_media":58827,"parent":0,"menu_order":23,"comment_status":"closed","ping_status":"closed","template":"","meta":{"_acf_changed":false,"inline_featured_image":false,"_kad_blocks_custom_css":"","_kad_blocks_head_custom_js":"","_kad_blocks_body_custom_js":"","_kad_blocks_footer_custom_js":"","_kad_post_transparent":"","_kad_post_title":"","_kad_post_layout":"","_kad_post_sidebar_id":"","_kad_post_content_style":"","_kad_post_vertical_padding":"","_kad_post_feature":"","_kad_post_feature_position":"","_kad_post_header":false,"_kad_post_footer":false,"footnotes":""},"class_list":["post-56552","page","type-page","status-publish","has-post-thumbnail","hentry"],"acf":[],"taxonomy_info":[],"featured_image_src_large":["https:\/\/elitepole.dk\/wp-content\/uploads\/IMG_2150-2-1024x358.jpg",1024,358,true],"author_info":{"display_name":"webto","author_link":"https:\/\/elitepole.dk\/en\/author\/webto\/"},"comment_info":0,"_links":{"self":[{"href":"https:\/\/elitepole.dk\/en\/wp-json\/wp\/v2\/pages\/56552","targetHints":{"allow":["GET"]}}],"collection":[{"href":"https:\/\/elitepole.dk\/en\/wp-json\/wp\/v2\/pages"}],"about":[{"href":"https:\/\/elitepole.dk\/en\/wp-json\/wp\/v2\/types\/page"}],"author":[{"embeddable":true,"href":"https:\/\/elitepole.dk\/en\/wp-json\/wp\/v2\/users\/1"}],"replies":[{"embeddable":true,"href":"https:\/\/elitepole.dk\/en\/wp-json\/wp\/v2\/comments?post=56552"}],"version-history":[{"count":15,"href":"https:\/\/elitepole.dk\/en\/wp-json\/wp\/v2\/pages\/56552\/revisions"}],"predecessor-version":[{"id":60026,"href":"https:\/\/elitepole.dk\/en\/wp-json\/wp\/v2\/pages\/56552\/revisions\/60026"}],"wp:featuredmedia":[{"embeddable":true,"href":"https:\/\/elitepole.dk\/en\/wp-json\/wp\/v2\/media\/58827"}],"wp:attachment":[{"href":"https:\/\/elitepole.dk\/en\/wp-json\/wp\/v2\/media?parent=56552"}],"curies":[{"name":"wp","href":"https:\/\/api.w.org\/{rel}","templated":true}]}}