{"id":56927,"date":"2023-07-14T13:31:39","date_gmt":"2023-07-14T11:31:39","guid":{"rendered":"https:\/\/elitepole.dk.web04.webtohosting.dk\/?page_id=56927"},"modified":"2024-11-03T19:52:11","modified_gmt":"2024-11-03T18:52:11","slug":"find-vej","status":"publish","type":"page","link":"https:\/\/elitepole.dk\/en\/find-vej\/","title":{"rendered":"Directions"},"content":{"rendered":"<div id=\"modal-ready\"><style>.kb-row-layout-id56927_b13203-84 > .kt-row-column-wrap{align-content:start;}:where(.kb-row-layout-id56927_b13203-84 > .kt-row-column-wrap) > .wp-block-kadence-column{justify-content:start;}.kb-row-layout-id56927_b13203-84 > .kt-row-column-wrap{column-gap:80px;row-gap:var(--global-kb-gap-md, 2rem);max-width:var( --global-content-width, 1300px );padding-left:var(--global-content-edge-padding);padding-right:var(--global-content-edge-padding);padding-top:0px;padding-bottom:var(--global-kb-spacing-md, 2rem);}.kb-row-layout-id56927_b13203-84 > .kt-row-column-wrap > div:not(.added-for-specificity){grid-column:initial;}.kb-row-layout-id56927_b13203-84 > .kt-row-column-wrap{grid-template-columns:repeat(3, minmax(0, 1fr));}.kb-row-layout-id56927_b13203-84 > .kt-row-layout-overlay{opacity:0.30;}@media all and (max-width: 1024px){.kb-row-layout-id56927_b13203-84 > .kt-row-column-wrap{column-gap:64px;padding-top:0px;padding-bottom:0px;grid-template-columns:repeat(3, minmax(0, 1fr));}}@media all and (max-width: 1024px){.kb-row-layout-id56927_b13203-84 > .kt-row-column-wrap > div:not(.added-for-specificity){grid-column:initial;}}@media all and (max-width: 767px){.kb-row-layout-id56927_b13203-84 > .kt-row-column-wrap{column-gap:64px;row-gap:var(--global-kb-gap-md, 2rem);padding-top:0px;padding-bottom:var(--global-kb-spacing-md, 2rem);grid-template-columns:minmax(0, 1fr);}.kb-row-layout-id56927_b13203-84 > .kt-row-column-wrap > div:not(.added-for-specificity){grid-column:initial;}}<\/style><div class=\"kb-row-layout-wrap kb-row-layout-id56927_b13203-84 alignnone wp-block-kadence-rowlayout\"><div class=\"kt-row-column-wrap kt-has-3-columns kt-row-layout-equal kt-tab-layout-inherit kt-mobile-layout-row kt-row-valign-top kb-theme-content-width\">\n<style>.kadence-column56927_be7e07-f0 > .kt-inside-inner-col,.kadence-column56927_be7e07-f0 > .kt-inside-inner-col:before{border-top-left-radius:0px;border-top-right-radius:0px;border-bottom-right-radius:0px;border-bottom-left-radius:0px;}.kadence-column56927_be7e07-f0 > .kt-inside-inner-col{column-gap:var(--global-kb-gap-sm, 1rem);}.kadence-column56927_be7e07-f0 > .kt-inside-inner-col{flex-direction:column;}.kadence-column56927_be7e07-f0 > .kt-inside-inner-col > .aligncenter{width:100%;}.kadence-column56927_be7e07-f0 > .kt-inside-inner-col:before{opacity:0.3;}.kadence-column56927_be7e07-f0{position:relative;}@media all and (max-width: 1024px){.kadence-column56927_be7e07-f0 > .kt-inside-inner-col{flex-direction:column;justify-content:center;}}@media all and (max-width: 767px){.kadence-column56927_be7e07-f0 > .kt-inside-inner-col{flex-direction:column;justify-content:center;}}<\/style>\n<div class=\"wp-block-kadence-column kadence-column56927_be7e07-f0\"><div class=\"kt-inside-inner-col\"><style>.kb-google-maps-container56927_368475-3d{height:450px;}<\/style><div class=\"kb-google-maps-container kb-google-maps-container56927_368475-3d  wp-block-kadence-googlemaps\" data-mapid=\"56927_3684753d\"><iframe width=\"100%\" height=\"100%\"\n\t\t\t\t\t\t\tstyle=\"border:0\" loading=\"lazy\"\n\t\t\t\t\t\t\tsrc=\"https:\/\/www.google.com\/maps\/embed\/v1\/place?key=AIzaSyBAM2o7PiQqwk15LC1XRH2e_KJ-jUa7KYk&#038;zoom=13&#038;maptype=roadmap&#038;q=Hejrevej+28%2C+2+sal%2C+2400+Kbh.+NV.\"\n\t\t\t\t\t\t\ttitle=\"Google map of Hejrevej 28, 2 sal, 2400 Kbh. NV.\"><\/iframe><\/div><script>function kb_google_map56927_3684753d() { let center = { lat: 37.8201, lng: -122.4781}; let map = new google.maps.Map(document.getElementById(\"kb-google-map56927_3684753d\"), {\n\t\t\t\t\t    zoom: 13,\n\t\t\t\t\t    center: center,});let marker = new google.maps.Marker({   position: { lat: 37.8201, lng: -122.4781},    map: map,  });}<\/script>\n\n<style>.wp-block-kadence-advancedheading.kt-adv-heading56927_0307b8-02, .wp-block-kadence-advancedheading.kt-adv-heading56927_0307b8-02[data-kb-block=\"kb-adv-heading56927_0307b8-02\"]{text-align:center;font-size:var(--global-kb-font-size-md, 1.25rem);font-style:normal;}.wp-block-kadence-advancedheading.kt-adv-heading56927_0307b8-02 mark.kt-highlight, .wp-block-kadence-advancedheading.kt-adv-heading56927_0307b8-02[data-kb-block=\"kb-adv-heading56927_0307b8-02\"] mark.kt-highlight{font-style:normal;color:#f76a0c;-webkit-box-decoration-break:clone;box-decoration-break:clone;padding-top:0px;padding-right:0px;padding-bottom:0px;padding-left:0px;}.wp-block-kadence-advancedheading.kt-adv-heading56927_0307b8-02 img.kb-inline-image, .wp-block-kadence-advancedheading.kt-adv-heading56927_0307b8-02[data-kb-block=\"kb-adv-heading56927_0307b8-02\"] img.kb-inline-image{width:150px;vertical-align:baseline;}<\/style>\n<h2 class=\"kt-adv-heading56927_0307b8-02 wp-block-kadence-advancedheading\" data-kb-block=\"kb-adv-heading56927_0307b8-02\">ElitePole Kbh. NV.<\/h2>\n\n\n<style>.wp-block-kadence-advancedheading.kt-adv-heading56927_1365bc-b1, .wp-block-kadence-advancedheading.kt-adv-heading56927_1365bc-b1[data-kb-block=\"kb-adv-heading56927_1365bc-b1\"]{text-align:center;font-size:var(--global-kb-font-size-sm, 0.9rem);font-style:normal;}.wp-block-kadence-advancedheading.kt-adv-heading56927_1365bc-b1 mark.kt-highlight, .wp-block-kadence-advancedheading.kt-adv-heading56927_1365bc-b1[data-kb-block=\"kb-adv-heading56927_1365bc-b1\"] mark.kt-highlight{font-style:normal;color:#f76a0c;-webkit-box-decoration-break:clone;box-decoration-break:clone;padding-top:0px;padding-right:0px;padding-bottom:0px;padding-left:0px;}.wp-block-kadence-advancedheading.kt-adv-heading56927_1365bc-b1 img.kb-inline-image, .wp-block-kadence-advancedheading.kt-adv-heading56927_1365bc-b1[data-kb-block=\"kb-adv-heading56927_1365bc-b1\"] img.kb-inline-image{width:150px;vertical-align:baseline;}<\/style>\n<h2 class=\"kt-adv-heading56927_1365bc-b1 wp-block-kadence-advancedheading\" data-kb-block=\"kb-adv-heading56927_1365bc-b1\">Hejrevej 28, 2 sal<br>2400 Kbh. NV.<\/h2>\n\n\n<style>.wp-block-kadence-advancedbtn.kt-btns56927_3f419b-1c, .site .entry-content .wp-block-kadence-advancedbtn.kt-btns56927_3f419b-1c, .wp-block-kadence-advancedbtn.kb-btns56927_3f419b-1c, .site .entry-content .wp-block-kadence-advancedbtn.kb-btns56927_3f419b-1c{margin-top:var(--global-kb-spacing-sm, 1.5rem);}.wp-block-kadence-advancedbtn.kb-btns56927_3f419b-1c{gap:var(--global-kb-gap-xs, 0.5rem );justify-content:center;align-items:center;}.kt-btns56927_3f419b-1c .kt-button{font-weight:normal;font-style:normal;}.kt-btns56927_3f419b-1c .kt-btn-wrap-0{margin-right:5px;}.wp-block-kadence-advancedbtn.kt-btns56927_3f419b-1c .kt-btn-wrap-0 .kt-button{color:#555555;border-color:#555555;}.wp-block-kadence-advancedbtn.kt-btns56927_3f419b-1c .kt-btn-wrap-0 .kt-button:hover, .wp-block-kadence-advancedbtn.kt-btns56927_3f419b-1c .kt-btn-wrap-0 .kt-button:focus{color:#ffffff;border-color:#444444;}.wp-block-kadence-advancedbtn.kt-btns56927_3f419b-1c .kt-btn-wrap-0 .kt-button::before{display:none;}.wp-block-kadence-advancedbtn.kt-btns56927_3f419b-1c .kt-btn-wrap-0 .kt-button:hover, .wp-block-kadence-advancedbtn.kt-btns56927_3f419b-1c .kt-btn-wrap-0 .kt-button:focus{background:#444444;}<\/style>\n<div class=\"wp-block-kadence-advancedbtn kb-buttons-wrap kb-btns56927_3f419b-1c\"><style>ul.menu .wp-block-kadence-advancedbtn .kb-btn56927_91954a-87.kb-button{width:initial;}<\/style><a class=\"kb-button kt-button button kb-btn56927_91954a-87 kt-btn-size-standard kt-btn-width-type-auto kb-btn-global-inherit  kt-btn-has-text-true kt-btn-has-svg-false  wp-block-button__link wp-block-kadence-singlebtn\" href=\"https:\/\/www.google.com\/maps\/dir\/\/Hejrevej+28,+2+sal,+2400+K%C3%B8benhavn\/@55.6999655,12.4505418,12z\/data=!3m1!4b1!4m9!4m8!1m0!1m5!1m1!1s0x4652524af6f7fd31:0x86714e007b66c91a!2m2!1d12.5329415!2d55.6998963!3e0?entry=ttu&#038;g_ep=EgoyMDI0MTAyOS4wIKXMDSoASAFQAw%3D%3D\" target=\"_blank\" rel=\"noreferrer noopener\"><span class=\"kt-btn-inner-text\">Find vej<\/span><\/a><\/div>\n<\/div><\/div>\n\n\n<style>.kadence-column56927_decf5b-ee > .kt-inside-inner-col,.kadence-column56927_decf5b-ee > .kt-inside-inner-col:before{border-top-left-radius:0px;border-top-right-radius:0px;border-bottom-right-radius:0px;border-bottom-left-radius:0px;}.kadence-column56927_decf5b-ee > .kt-inside-inner-col{column-gap:var(--global-kb-gap-sm, 1rem);}.kadence-column56927_decf5b-ee > .kt-inside-inner-col{flex-direction:column;}.kadence-column56927_decf5b-ee > .kt-inside-inner-col > .aligncenter{width:100%;}.kadence-column56927_decf5b-ee > .kt-inside-inner-col:before{opacity:0.3;}.kadence-column56927_decf5b-ee{position:relative;}@media all and (max-width: 1024px){.kadence-column56927_decf5b-ee > .kt-inside-inner-col{flex-direction:column;justify-content:center;}}@media all and (max-width: 767px){.kadence-column56927_decf5b-ee > .kt-inside-inner-col{flex-direction:column;justify-content:center;}}<\/style>\n<div class=\"wp-block-kadence-column kadence-column56927_decf5b-ee\"><div class=\"kt-inside-inner-col\"><style>.kb-google-maps-container56927_137e0e-07{height:450px;}<\/style><div class=\"kb-google-maps-container kb-google-maps-container56927_137e0e-07  wp-block-kadence-googlemaps\" data-mapid=\"56927_137e0e07\"><iframe width=\"100%\" height=\"100%\"\n\t\t\t\t\t\t\tstyle=\"border:0\" loading=\"lazy\"\n\t\t\t\t\t\t\tsrc=\"https:\/\/www.google.com\/maps\/embed\/v1\/place?key=AIzaSyBAM2o7PiQqwk15LC1XRH2e_KJ-jUa7KYk&#038;zoom=13&#038;maptype=roadmap&#038;q=Skotteg%C3%A5rden+8%2C+2770+Kastrup\"\n\t\t\t\t\t\t\ttitle=\"Google map of Skotteg\u00e5rden 8, 2770 Kastrup\"><\/iframe><\/div><script>function kb_google_map56927_137e0e07() { let center = { lat: 37.8201, lng: -122.4781}; let map = new google.maps.Map(document.getElementById(\"kb-google-map56927_137e0e07\"), {\n\t\t\t\t\t    zoom: 13,\n\t\t\t\t\t    center: center,});let marker = new google.maps.Marker({   position: { lat: 37.8201, lng: -122.4781},    map: map,  });}<\/script>\n\n<style>.wp-block-kadence-advancedheading.kt-adv-heading56927_b022e7-7f, .wp-block-kadence-advancedheading.kt-adv-heading56927_b022e7-7f[data-kb-block=\"kb-adv-heading56927_b022e7-7f\"]{text-align:center;font-size:var(--global-kb-font-size-md, 1.25rem);font-style:normal;}.wp-block-kadence-advancedheading.kt-adv-heading56927_b022e7-7f mark.kt-highlight, .wp-block-kadence-advancedheading.kt-adv-heading56927_b022e7-7f[data-kb-block=\"kb-adv-heading56927_b022e7-7f\"] mark.kt-highlight{font-style:normal;color:#f76a0c;-webkit-box-decoration-break:clone;box-decoration-break:clone;padding-top:0px;padding-right:0px;padding-bottom:0px;padding-left:0px;}.wp-block-kadence-advancedheading.kt-adv-heading56927_b022e7-7f img.kb-inline-image, .wp-block-kadence-advancedheading.kt-adv-heading56927_b022e7-7f[data-kb-block=\"kb-adv-heading56927_b022e7-7f\"] img.kb-inline-image{width:150px;vertical-align:baseline;}<\/style>\n<h2 class=\"kt-adv-heading56927_b022e7-7f wp-block-kadence-advancedheading\" data-kb-block=\"kb-adv-heading56927_b022e7-7f\">ElitePole Amager<\/h2>\n\n\n<style>.wp-block-kadence-advancedheading.kt-adv-heading56927_908905-c0, .wp-block-kadence-advancedheading.kt-adv-heading56927_908905-c0[data-kb-block=\"kb-adv-heading56927_908905-c0\"]{text-align:center;font-size:var(--global-kb-font-size-sm, 0.9rem);font-style:normal;}.wp-block-kadence-advancedheading.kt-adv-heading56927_908905-c0 mark.kt-highlight, .wp-block-kadence-advancedheading.kt-adv-heading56927_908905-c0[data-kb-block=\"kb-adv-heading56927_908905-c0\"] mark.kt-highlight{font-style:normal;color:#f76a0c;-webkit-box-decoration-break:clone;box-decoration-break:clone;padding-top:0px;padding-right:0px;padding-bottom:0px;padding-left:0px;}.wp-block-kadence-advancedheading.kt-adv-heading56927_908905-c0 img.kb-inline-image, .wp-block-kadence-advancedheading.kt-adv-heading56927_908905-c0[data-kb-block=\"kb-adv-heading56927_908905-c0\"] img.kb-inline-image{width:150px;vertical-align:baseline;}<\/style>\n<h2 class=\"kt-adv-heading56927_908905-c0 wp-block-kadence-advancedheading\" data-kb-block=\"kb-adv-heading56927_908905-c0\">Skotteg\u00e5rden 8<br>2770 Kastrup<\/h2>\n\n\n<style>.wp-block-kadence-advancedbtn.kt-btns56927_2db251-b9, .site .entry-content .wp-block-kadence-advancedbtn.kt-btns56927_2db251-b9, .wp-block-kadence-advancedbtn.kb-btns56927_2db251-b9, .site .entry-content .wp-block-kadence-advancedbtn.kb-btns56927_2db251-b9{margin-top:var(--global-kb-spacing-sm, 1.5rem);}.wp-block-kadence-advancedbtn.kb-btns56927_2db251-b9{gap:var(--global-kb-gap-xs, 0.5rem );justify-content:center;align-items:center;}.kt-btns56927_2db251-b9 .kt-button{font-weight:normal;font-style:normal;}.kt-btns56927_2db251-b9 .kt-btn-wrap-0{margin-right:5px;}.wp-block-kadence-advancedbtn.kt-btns56927_2db251-b9 .kt-btn-wrap-0 .kt-button{color:#555555;border-color:#555555;}.wp-block-kadence-advancedbtn.kt-btns56927_2db251-b9 .kt-btn-wrap-0 .kt-button:hover, .wp-block-kadence-advancedbtn.kt-btns56927_2db251-b9 .kt-btn-wrap-0 .kt-button:focus{color:#ffffff;border-color:#444444;}.wp-block-kadence-advancedbtn.kt-btns56927_2db251-b9 .kt-btn-wrap-0 .kt-button::before{display:none;}.wp-block-kadence-advancedbtn.kt-btns56927_2db251-b9 .kt-btn-wrap-0 .kt-button:hover, .wp-block-kadence-advancedbtn.kt-btns56927_2db251-b9 .kt-btn-wrap-0 .kt-button:focus{background:#444444;}<\/style>\n<div class=\"wp-block-kadence-advancedbtn kb-buttons-wrap kb-btns56927_2db251-b9\"><style>ul.menu .wp-block-kadence-advancedbtn .kb-btn56927_41942e-d2.kb-button{width:initial;}<\/style><a class=\"kb-button kt-button button kb-btn56927_41942e-d2 kt-btn-size-standard kt-btn-width-type-auto kb-btn-global-inherit  kt-btn-has-text-true kt-btn-has-svg-false  wp-block-button__link wp-block-kadence-singlebtn\" href=\"https:\/\/www.google.com\/maps\/dir\/\/Skotteg%C3%A5rden+8,+Kastrup\/@55.6677378,12.6130997,13z\/data=!4m8!4m7!1m0!1m5!1m1!1s0x4653ab5e2c4b31d9:0xa2798b3b79089319!2m2!1d12.634503!2d55.63848?entry=ttu\" target=\"_blank\" rel=\"noreferrer noopener\"><span class=\"kt-btn-inner-text\">Find vej<\/span><\/a><\/div>\n<\/div><\/div>\n\n\n<style>.kadence-column56927_fea9a9-1a > .kt-inside-inner-col,.kadence-column56927_fea9a9-1a > .kt-inside-inner-col:before{border-top-left-radius:0px;border-top-right-radius:0px;border-bottom-right-radius:0px;border-bottom-left-radius:0px;}.kadence-column56927_fea9a9-1a > .kt-inside-inner-col{column-gap:var(--global-kb-gap-sm, 1rem);}.kadence-column56927_fea9a9-1a > .kt-inside-inner-col{flex-direction:column;}.kadence-column56927_fea9a9-1a > .kt-inside-inner-col > .aligncenter{width:100%;}.kadence-column56927_fea9a9-1a > .kt-inside-inner-col:before{opacity:0.3;}.kadence-column56927_fea9a9-1a{position:relative;}@media all and (max-width: 1024px){.kadence-column56927_fea9a9-1a > .kt-inside-inner-col{flex-direction:column;justify-content:center;}}@media all and (max-width: 767px){.kadence-column56927_fea9a9-1a > .kt-inside-inner-col{flex-direction:column;justify-content:center;}}<\/style>\n<div class=\"wp-block-kadence-column kadence-column56927_fea9a9-1a\"><div class=\"kt-inside-inner-col\"><style>.kb-google-maps-container56927_ae521f-6d{height:450px;}<\/style><div class=\"kb-google-maps-container kb-google-maps-container56927_ae521f-6d  wp-block-kadence-googlemaps\" data-mapid=\"56927_ae521f6d\"><iframe width=\"100%\" height=\"100%\"\n\t\t\t\t\t\t\tstyle=\"border:0\" loading=\"lazy\"\n\t\t\t\t\t\t\tsrc=\"https:\/\/www.google.com\/maps\/embed\/v1\/place?key=AIzaSyBAM2o7PiQqwk15LC1XRH2e_KJ-jUa7KYk&#038;zoom=13&#038;maptype=roadmap&#038;q=T%C3%A6byvej+7%2C+2610+R%C3%B8dovre\"\n\t\t\t\t\t\t\ttitle=\"Google map of T\u00e6byvej 7, 2610 R\u00f8dovre\"><\/iframe><\/div><script>function kb_google_map56927_ae521f6d() { let center = { lat: 37.8201, lng: -122.4781}; let map = new google.maps.Map(document.getElementById(\"kb-google-map56927_ae521f6d\"), {\n\t\t\t\t\t    zoom: 13,\n\t\t\t\t\t    center: center,});let marker = new google.maps.Marker({   position: { lat: 37.8201, lng: -122.4781},    map: map,  });}<\/script>\n\n<style>.wp-block-kadence-advancedheading.kt-adv-heading56927_a8d68a-91, .wp-block-kadence-advancedheading.kt-adv-heading56927_a8d68a-91[data-kb-block=\"kb-adv-heading56927_a8d68a-91\"]{text-align:center;font-size:var(--global-kb-font-size-md, 1.25rem);font-style:normal;}.wp-block-kadence-advancedheading.kt-adv-heading56927_a8d68a-91 mark.kt-highlight, .wp-block-kadence-advancedheading.kt-adv-heading56927_a8d68a-91[data-kb-block=\"kb-adv-heading56927_a8d68a-91\"] mark.kt-highlight{font-style:normal;color:#f76a0c;-webkit-box-decoration-break:clone;box-decoration-break:clone;padding-top:0px;padding-right:0px;padding-bottom:0px;padding-left:0px;}.wp-block-kadence-advancedheading.kt-adv-heading56927_a8d68a-91 img.kb-inline-image, .wp-block-kadence-advancedheading.kt-adv-heading56927_a8d68a-91[data-kb-block=\"kb-adv-heading56927_a8d68a-91\"] img.kb-inline-image{width:150px;vertical-align:baseline;}<\/style>\n<h2 class=\"kt-adv-heading56927_a8d68a-91 wp-block-kadence-advancedheading\" data-kb-block=\"kb-adv-heading56927_a8d68a-91\">ElitePole R\u00f8dovre<\/h2>\n\n\n<style>.wp-block-kadence-advancedheading.kt-adv-heading56927_d13109-05, .wp-block-kadence-advancedheading.kt-adv-heading56927_d13109-05[data-kb-block=\"kb-adv-heading56927_d13109-05\"]{text-align:center;font-size:var(--global-kb-font-size-sm, 0.9rem);font-style:normal;}.wp-block-kadence-advancedheading.kt-adv-heading56927_d13109-05 mark.kt-highlight, .wp-block-kadence-advancedheading.kt-adv-heading56927_d13109-05[data-kb-block=\"kb-adv-heading56927_d13109-05\"] mark.kt-highlight{font-style:normal;color:#f76a0c;-webkit-box-decoration-break:clone;box-decoration-break:clone;padding-top:0px;padding-right:0px;padding-bottom:0px;padding-left:0px;}.wp-block-kadence-advancedheading.kt-adv-heading56927_d13109-05 img.kb-inline-image, .wp-block-kadence-advancedheading.kt-adv-heading56927_d13109-05[data-kb-block=\"kb-adv-heading56927_d13109-05\"] img.kb-inline-image{width:150px;vertical-align:baseline;}<\/style>\n<h2 class=\"kt-adv-heading56927_d13109-05 wp-block-kadence-advancedheading\" data-kb-block=\"kb-adv-heading56927_d13109-05\">T\u00e6byvej 7<br>2610 R\u00f8dovre<\/h2>\n\n\n<style>.wp-block-kadence-advancedbtn.kt-btns56927_76a8a6-63, .site .entry-content .wp-block-kadence-advancedbtn.kt-btns56927_76a8a6-63, .wp-block-kadence-advancedbtn.kb-btns56927_76a8a6-63, .site .entry-content .wp-block-kadence-advancedbtn.kb-btns56927_76a8a6-63{margin-top:var(--global-kb-spacing-sm, 1.5rem);}.wp-block-kadence-advancedbtn.kb-btns56927_76a8a6-63{gap:var(--global-kb-gap-xs, 0.5rem );justify-content:center;align-items:center;}.kt-btns56927_76a8a6-63 .kt-button{font-weight:normal;font-style:normal;}.kt-btns56927_76a8a6-63 .kt-btn-wrap-0{margin-right:5px;}.wp-block-kadence-advancedbtn.kt-btns56927_76a8a6-63 .kt-btn-wrap-0 .kt-button{color:#555555;border-color:#555555;}.wp-block-kadence-advancedbtn.kt-btns56927_76a8a6-63 .kt-btn-wrap-0 .kt-button:hover, .wp-block-kadence-advancedbtn.kt-btns56927_76a8a6-63 .kt-btn-wrap-0 .kt-button:focus{color:#ffffff;border-color:#444444;}.wp-block-kadence-advancedbtn.kt-btns56927_76a8a6-63 .kt-btn-wrap-0 .kt-button::before{display:none;}.wp-block-kadence-advancedbtn.kt-btns56927_76a8a6-63 .kt-btn-wrap-0 .kt-button:hover, .wp-block-kadence-advancedbtn.kt-btns56927_76a8a6-63 .kt-btn-wrap-0 .kt-button:focus{background:#444444;}<\/style>\n<div class=\"wp-block-kadence-advancedbtn kb-buttons-wrap kb-btns56927_76a8a6-63\"><style>ul.menu .wp-block-kadence-advancedbtn .kb-btn56927_f52dbc-6d.kb-button{width:initial;}<\/style><a class=\"kb-button kt-button button kb-btn56927_f52dbc-6d kt-btn-size-standard kt-btn-width-type-auto kb-btn-global-inherit  kt-btn-has-text-true kt-btn-has-svg-false  wp-block-button__link wp-block-kadence-singlebtn\" href=\"https:\/\/www.google.com\/maps\/dir\/\/T%C3%A6byvej+7+2610+R%C3%B8dovre\/@55.6852673,12.4621634,13z\/data=!4m8!4m7!1m0!1m5!1m1!1s0x4652516bb623fee5:0x496c3c783a599c4e!2m2!1d12.4621634!2d55.6852673?entry=ttu\" target=\"_blank\" rel=\"noreferrer noopener\"><span class=\"kt-btn-inner-text\">Find vej<\/span><\/a><\/div>\n<\/div><\/div>\n\n<\/div><\/div>\n\n\n<p><\/p>\n<\/div>","protected":false},"excerpt":{"rendered":"<p>ElitePole Kbh. NV. Hejrevej 28, 2 sal2400 Kbh. NV. ElitePole Amager Skotteg\u00e5rden 82770 Kastrup ElitePole R\u00f8dovre T\u00e6byvej 72610 R\u00f8dovre<\/p>","protected":false},"author":1,"featured_media":58884,"parent":0,"menu_order":0,"comment_status":"closed","ping_status":"closed","template":"","meta":{"_acf_changed":false,"inline_featured_image":false,"_kad_blocks_custom_css":"","_kad_blocks_head_custom_js":"","_kad_blocks_body_custom_js":"","_kad_blocks_footer_custom_js":"","_kad_post_transparent":"","_kad_post_title":"","_kad_post_layout":"","_kad_post_sidebar_id":"","_kad_post_content_style":"","_kad_post_vertical_padding":"","_kad_post_feature":"","_kad_post_feature_position":"","_kad_post_header":false,"_kad_post_footer":false,"footnotes":""},"class_list":["post-56927","page","type-page","status-publish","has-post-thumbnail","hentry"],"acf":[],"taxonomy_info":[],"featured_image_src_large":["https:\/\/elitepole.dk\/wp-content\/uploads\/IMG_2142-1024x358.jpg",1024,358,true],"author_info":{"display_name":"webto","author_link":"https:\/\/elitepole.dk\/en\/author\/webto\/"},"comment_info":0,"_links":{"self":[{"href":"https:\/\/elitepole.dk\/en\/wp-json\/wp\/v2\/pages\/56927","targetHints":{"allow":["GET"]}}],"collection":[{"href":"https:\/\/elitepole.dk\/en\/wp-json\/wp\/v2\/pages"}],"about":[{"href":"https:\/\/elitepole.dk\/en\/wp-json\/wp\/v2\/types\/page"}],"author":[{"embeddable":true,"href":"https:\/\/elitepole.dk\/en\/wp-json\/wp\/v2\/users\/1"}],"replies":[{"embeddable":true,"href":"https:\/\/elitepole.dk\/en\/wp-json\/wp\/v2\/comments?post=56927"}],"version-history":[{"count":26,"href":"https:\/\/elitepole.dk\/en\/wp-json\/wp\/v2\/pages\/56927\/revisions"}],"predecessor-version":[{"id":60132,"href":"https:\/\/elitepole.dk\/en\/wp-json\/wp\/v2\/pages\/56927\/revisions\/60132"}],"wp:featuredmedia":[{"embeddable":true,"href":"https:\/\/elitepole.dk\/en\/wp-json\/wp\/v2\/media\/58884"}],"wp:attachment":[{"href":"https:\/\/elitepole.dk\/en\/wp-json\/wp\/v2\/media?parent=56927"}],"curies":[{"name":"wp","href":"https:\/\/api.w.org\/{rel}","templated":true}]}}