{"id":59595,"date":"2024-02-13T14:39:07","date_gmt":"2024-02-13T13:39:07","guid":{"rendered":"https:\/\/elitepole.dk\/?page_id=59595"},"modified":"2024-02-23T10:13:25","modified_gmt":"2024-02-23T09:13:25","slug":"proevetime-i-poledance","status":"publish","type":"page","link":"https:\/\/elitepole.dk\/en\/proevetime-i-poledance\/","title":{"rendered":"Pr\u00f8vetime i poledance"},"content":{"rendered":"<div id=\"modal-ready\">\n<p class=\"has-text-align-center\">Kom til en pr\u00f8vetime i poledance hos ElitePole ved et par f\u00e5 klik. S\u00e5 nemt er det. <br>Vi gl\u00e6der os til at se byde dig velkommen!<\/p>\n\n\n\n<p class=\"has-text-align-center\">OBS: Der er nu lukket for tilmeldinger da timen er fyldt op. Du kan istedet tilmelde dig en almindelig pr\u00f8vetime her<\/p>\n\n\n<style>.wp-block-kadence-advancedbtn.kb-btns59595_5fe1a5-dd{gap:var(--global-kb-gap-xs, 0.5rem );justify-content:center;align-items:center;}.kt-btns59595_5fe1a5-dd .kt-button{font-weight:normal;font-style:normal;}.kt-btns59595_5fe1a5-dd .kt-btn-wrap-0{margin-right:5px;}.wp-block-kadence-advancedbtn.kt-btns59595_5fe1a5-dd .kt-btn-wrap-0 .kt-button{color:#555555;border-color:#555555;}.wp-block-kadence-advancedbtn.kt-btns59595_5fe1a5-dd .kt-btn-wrap-0 .kt-button:hover, .wp-block-kadence-advancedbtn.kt-btns59595_5fe1a5-dd .kt-btn-wrap-0 .kt-button:focus{color:#ffffff;border-color:#444444;}.wp-block-kadence-advancedbtn.kt-btns59595_5fe1a5-dd .kt-btn-wrap-0 .kt-button::before{display:none;}.wp-block-kadence-advancedbtn.kt-btns59595_5fe1a5-dd .kt-btn-wrap-0 .kt-button:hover, .wp-block-kadence-advancedbtn.kt-btns59595_5fe1a5-dd .kt-btn-wrap-0 .kt-button:focus{background:#444444;}<\/style>\n<div class=\"wp-block-kadence-advancedbtn kb-buttons-wrap kb-btns59595_5fe1a5-dd\"><style>ul.menu .wp-block-kadence-advancedbtn .kb-btn59595_75fe6c-15.kb-button{width:initial;}<\/style><a class=\"kb-button kt-button button kb-btn59595_75fe6c-15 kt-btn-size-standard kt-btn-width-type-auto kb-btn-global-fill  kt-btn-has-text-true kt-btn-has-svg-false  wp-block-kadence-singlebtn\" href=\"https:\/\/elitepole.dk\/en\/book-proevetime\/\"><span class=\"kt-btn-inner-text\">Sign up here<\/span><\/a><\/div>\n<\/div>","protected":false},"excerpt":{"rendered":"<p>Kom til en pr\u00f8vetime i poledance hos ElitePole ved et par f\u00e5 klik. S\u00e5 nemt er det. Vi gl\u00e6der os til at se byde dig velkommen! OBS: Der er nu lukket for tilmeldinger da timen er fyldt op. Du kan istedet tilmelde dig en almindelig pr\u00f8vetime her<\/p>","protected":false},"author":2,"featured_media":59564,"parent":0,"menu_order":0,"comment_status":"closed","ping_status":"closed","template":"","meta":{"_acf_changed":false,"inline_featured_image":false,"_kad_blocks_custom_css":"","_kad_blocks_head_custom_js":"","_kad_blocks_body_custom_js":"","_kad_blocks_footer_custom_js":"","_kad_post_transparent":"","_kad_post_title":"","_kad_post_layout":"","_kad_post_sidebar_id":"","_kad_post_content_style":"","_kad_post_vertical_padding":"","_kad_post_feature":"","_kad_post_feature_position":"","_kad_post_header":false,"_kad_post_footer":false,"footnotes":""},"class_list":["post-59595","page","type-page","status-publish","has-post-thumbnail","hentry"],"acf":[],"taxonomy_info":[],"featured_image_src_large":["https:\/\/elitepole.dk\/wp-content\/uploads\/IMG_2188-2-1024x683.jpg",1024,683,true],"author_info":{"display_name":"Marie","author_link":"https:\/\/elitepole.dk\/en\/author\/marie\/"},"comment_info":0,"_links":{"self":[{"href":"https:\/\/elitepole.dk\/en\/wp-json\/wp\/v2\/pages\/59595","targetHints":{"allow":["GET"]}}],"collection":[{"href":"https:\/\/elitepole.dk\/en\/wp-json\/wp\/v2\/pages"}],"about":[{"href":"https:\/\/elitepole.dk\/en\/wp-json\/wp\/v2\/types\/page"}],"author":[{"embeddable":true,"href":"https:\/\/elitepole.dk\/en\/wp-json\/wp\/v2\/users\/2"}],"replies":[{"embeddable":true,"href":"https:\/\/elitepole.dk\/en\/wp-json\/wp\/v2\/comments?post=59595"}],"version-history":[{"count":3,"href":"https:\/\/elitepole.dk\/en\/wp-json\/wp\/v2\/pages\/59595\/revisions"}],"predecessor-version":[{"id":59606,"href":"https:\/\/elitepole.dk\/en\/wp-json\/wp\/v2\/pages\/59595\/revisions\/59606"}],"wp:featuredmedia":[{"embeddable":true,"href":"https:\/\/elitepole.dk\/en\/wp-json\/wp\/v2\/media\/59564"}],"wp:attachment":[{"href":"https:\/\/elitepole.dk\/en\/wp-json\/wp\/v2\/media?parent=59595"}],"curies":[{"name":"wp","href":"https:\/\/api.w.org\/{rel}","templated":true}]}}