{"id":59829,"date":"2024-06-30T13:27:52","date_gmt":"2024-06-30T11:27:52","guid":{"rendered":"https:\/\/elitepole.dk\/?page_id=59829"},"modified":"2024-06-30T13:29:10","modified_gmt":"2024-06-30T11:29:10","slug":"elitepole-i-vanloese-flytter","status":"publish","type":"page","link":"https:\/\/elitepole.dk\/en\/elitepole-i-vanloese-flytter\/","title":{"rendered":"ElitePole i Vanl\u00f8se flytter"},"content":{"rendered":"<div id=\"modal-ready\">\n<p><strong>Til Hejrevej 26 i KBH NV samt til T\u00e6byvej 7 i R\u00f8dovre<\/strong><\/p>\n\n\n\n<p>Vi er glade for at kunne meddele, at vi \u00e5bner Danmarks st\u00f8rste poledance-studie i KBH NV den 1. november. I den forbindelse flytter ElitePole i Vanl\u00f8se til vores nye og st\u00f8rre studie p\u00e5 Hejrevej i KBH. NV. samt til ElitePole p\u00e5 T\u00e6byvej i R\u00f8dovre.<br><br>ElitePole p\u00e5 Hejrevej kommer fra d. 1\/11 til at tilbyde:<\/p>\n\n\n\n<ul class=\"wp-block-list\">\n<li>L\u00e6kre og nye faciliteter i et totalt nyrenoveret studie<\/li>\n\n\n\n<li>2 k\u00e6mpestore pole sale med meget plads omkring alle poles<\/li>\n\n\n\n<li>I alt 30 nye &#8211; og special lavede poles i den absolut h\u00f8jeste kvalitet<\/li>\n\n\n\n<li>Betydeligt flere hold samt betydeligt flere pladser p\u00e5 alle hold<\/li>\n\n\n\n<li>Mere end 3 gange s\u00e5 meget plads og kapacitet. Dermed f\u00e6rre ventelister<\/li>\n\n\n\n<li>Self practice for alle medlemmer fra kl. 06.00-22.00 alle 7 dage om ugen<\/li>\n\n\n\n<li>Et special bygget dansestudie, hvor vi har valgt alt fra gulve til hvor hver en v\u00e6g st\u00e5r<\/li>\n\n\n\n<li>Plads til afslapning samt st\u00f8rre omkl\u00e6dningsrum og flere toiletter<\/li>\n\n\n\n<li>Mulighed for at k\u00f8be ElitePole logo t\u00f8j i studiet<\/li>\n\n\n\n<li>Gratis parkering p\u00e5 vejen samt i de omkring liggende gader<\/li>\n\n\n\n<li>Pulserende og centralt omr\u00e5de \u00a0<\/li>\n<\/ul>\n\n\n\n<p>ElitePole p\u00e5 T\u00e6byvej tilbyder:<\/p>\n\n\n\n<ul class=\"wp-block-list\">\n<li>L\u00e6kre faciliteter i et totalt nyrenoveret studie meget t\u00e6t p\u00e5 Vanl\u00f8se<\/li>\n\n\n\n<li>1 stor og rummelig pole sal med ekstraordin\u00e6rt meget plads omkring alle poles<\/li>\n\n\n\n<li>12 nye og special lavede poles i h\u00f8jeste kvalitet fra Lupit pole<\/li>\n\n\n\n<li>God loftsh\u00f8jde samt rummelighed<\/li>\n\n\n\n<li>Self practice for alle medlemmer fra kl. 05.00-00.00 alle 7 dage om ugen<\/li>\n\n\n\n<li>Rummelig omkl\u00e6dning samt badefaciliteter (delt med fitnesscenter)<\/li>\n\n\n\n<li>Gratis parkering omkring studiet<\/li>\n<\/ul>\n\n\n\n<p><strong>Sammenl\u00e6gning af studier<\/strong><br>For at optimere vores ressourcer og tilbyde den bedste oplevelse, har vi besluttet at sammenl\u00e6gge vores studier i Vanl\u00f8se og KBH NV p\u00e5 Rentemestervej med det nye og st\u00f8rre studie p\u00e5 Hejrevej i KBH NV. Samtidig vil nogle af holdene fra Vanl\u00f8se blive flyttet til vores studie i R\u00f8dovre, da disse studier ligger meget t\u00e6t p\u00e5 hinanden. Denne sammenl\u00e6gning betyder, at vi kan samle vores ressourcer og fokusere p\u00e5 at tilbyde det h\u00f8jeste niveau af tr\u00e6ning og service i vores nye og forbedrede faciliteter.<\/p>\n\n\n<div class=\"wp-block-image\">\n<figure class=\"aligncenter size-large is-resized\"><img decoding=\"async\" width=\"1024\" height=\"599\" src=\"https:\/\/elitepole.dk\/wp-content\/uploads\/ROeDOVRE-2-2-1024x599.png\" alt=\"\" class=\"wp-image-59830\" style=\"width:472px;height:auto\" srcset=\"https:\/\/elitepole.dk\/wp-content\/uploads\/ROeDOVRE-2-2-1024x599.png 1024w, https:\/\/elitepole.dk\/wp-content\/uploads\/ROeDOVRE-2-2-300x176.png 300w, https:\/\/elitepole.dk\/wp-content\/uploads\/ROeDOVRE-2-2-768x449.png 768w, https:\/\/elitepole.dk\/wp-content\/uploads\/ROeDOVRE-2-2-1536x899.png 1536w, https:\/\/elitepole.dk\/wp-content\/uploads\/ROeDOVRE-2-2-2048x1198.png 2048w, https:\/\/elitepole.dk\/wp-content\/uploads\/ROeDOVRE-2-2-18x12.png 18w\" sizes=\"(max-width: 1024px) 100vw, 1024px\" \/><\/figure>\n<\/div>\n\n\n<p><strong>Praktisk information<\/strong><br>Alle hold i Vanl\u00f8se studiet og i studiet p\u00e5 Rentemestervej 64 vil oph\u00f8re den 31. oktober, og det nye og st\u00f8rre studie p\u00e5 Hejrevej \u00e5bner d. 1. november. Vi sikrer en glidende overgang for alle vores medlemmer, som ikke beh\u00f8ver at foretage sig noget aktivt, men blot kan forts\u00e6tte med at booke hold p\u00e5 app\u2019en som normalvis.<\/p>\n\n\n\n<p class=\"has-text-align-center\">Vi gl\u00e6der os til at byde jer velkommen i vores nye og forbedrede faciliteter og forts\u00e6tte med at hj\u00e6lpe dig med at n\u00e5 dine tr\u00e6ningsm\u00e5l.<\/p>\n\n\n\n<p class=\"has-text-align-center\">Med venlig hilsen,<br>Marie Kolstrup &amp; ElitePole Teamet<\/p>\n<\/div>","protected":false},"excerpt":{"rendered":"<p>Til Hejrevej 26 i KBH NV samt til T\u00e6byvej 7 i R\u00f8dovre Vi er glade for at kunne meddele, at vi \u00e5bner Danmarks st\u00f8rste poledance-studie i KBH NV den 1. november. I den forbindelse flytter ElitePole i Vanl\u00f8se til vores nye og st\u00f8rre studie p\u00e5 Hejrevej i KBH. NV. samt til ElitePole p\u00e5 T\u00e6byvej i&#8230;<\/p>","protected":false},"author":2,"featured_media":59136,"parent":0,"menu_order":0,"comment_status":"closed","ping_status":"closed","template":"","meta":{"_acf_changed":false,"inline_featured_image":false,"_kad_blocks_custom_css":"","_kad_blocks_head_custom_js":"","_kad_blocks_body_custom_js":"","_kad_blocks_footer_custom_js":"","_kad_post_transparent":"","_kad_post_title":"","_kad_post_layout":"","_kad_post_sidebar_id":"","_kad_post_content_style":"","_kad_post_vertical_padding":"","_kad_post_feature":"","_kad_post_feature_position":"","_kad_post_header":false,"_kad_post_footer":false,"footnotes":""},"class_list":["post-59829","page","type-page","status-publish","has-post-thumbnail","hentry"],"acf":[],"taxonomy_info":[],"featured_image_src_large":["https:\/\/elitepole.dk\/wp-content\/uploads\/IMG_1112-1024x358.jpg",1024,358,true],"author_info":{"display_name":"Marie","author_link":"https:\/\/elitepole.dk\/en\/author\/marie\/"},"comment_info":0,"_links":{"self":[{"href":"https:\/\/elitepole.dk\/en\/wp-json\/wp\/v2\/pages\/59829","targetHints":{"allow":["GET"]}}],"collection":[{"href":"https:\/\/elitepole.dk\/en\/wp-json\/wp\/v2\/pages"}],"about":[{"href":"https:\/\/elitepole.dk\/en\/wp-json\/wp\/v2\/types\/page"}],"author":[{"embeddable":true,"href":"https:\/\/elitepole.dk\/en\/wp-json\/wp\/v2\/users\/2"}],"replies":[{"embeddable":true,"href":"https:\/\/elitepole.dk\/en\/wp-json\/wp\/v2\/comments?post=59829"}],"version-history":[{"count":1,"href":"https:\/\/elitepole.dk\/en\/wp-json\/wp\/v2\/pages\/59829\/revisions"}],"predecessor-version":[{"id":59831,"href":"https:\/\/elitepole.dk\/en\/wp-json\/wp\/v2\/pages\/59829\/revisions\/59831"}],"wp:featuredmedia":[{"embeddable":true,"href":"https:\/\/elitepole.dk\/en\/wp-json\/wp\/v2\/media\/59136"}],"wp:attachment":[{"href":"https:\/\/elitepole.dk\/en\/wp-json\/wp\/v2\/media?parent=59829"}],"curies":[{"name":"wp","href":"https:\/\/api.w.org\/{rel}","templated":true}]}}